{"id":7604,"date":"2024-04-08T11:04:15","date_gmt":"2024-04-08T15:04:15","guid":{"rendered":"https:\/\/everypoint.ca\/wordpress\/accueil\/"},"modified":"2024-09-17T13:53:02","modified_gmt":"2024-09-17T17:53:02","slug":"accueil","status":"publish","type":"page","link":"https:\/\/everypoint.ca\/fr\/","title":{"rendered":"Accueil"},"content":{"rendered":"\n\t\t\t\t<p class=\"rs-p-wp-fix\"><\/p>\n\t\t\t\t<sr7-module data-alias=\"main-home\" data-id=\"6\" id=\"SR7_6_1\" class=\"rs-ov-hidden\" data-version=\"6.7.15\">\n\t\t\t\t\t<sr7-adjuster><\/sr7-adjuster>\n\t\t\t\t\t<sr7-content>\n\t\t\t\t\t\t<sr7-slide id=\"SR7_6_1-33\" data-key=\"33\">\n\t\t\t\t\t\t\t<sr7-txt id=\"SR7_6_1-33-1\" class=\"sr7-layer\">EveryPoint.<br \/>\n\u00c0 port\u00e9e de main.<\/sr7-txt>\n\t\t\t\t\t\t\t<sr7-txt id=\"SR7_6_1-33-3\" class=\"sr7-layer\"><a class=\"qodef-shortcode qodef-m  qodef-button qodef-layout--outlined qodef-show-button-arrow--yes  qodef-html--link\" href=\"\/our-services\" target=\"_self\" >\n\t<span class=\"qodef-m-text\" data-title=\"Nos services de transport\">Nos services de transport<\/span>\n            <span class=\"qodef-btn-arrow\"><svg class=\"qodef-svg--button-arrow-standard\" xmlns=\"http:\/\/www.w3.org\/2000\/svg\" width=\"18.476\" height=\"18.044\" viewBox=\"0 0 18.476 18.044\"><g transform=\"translate(9.007 0.992) rotate(45)\"><path d=\"M0,11.312,11.377,0\" transform=\"translate(0 0.011)\" fill=\"none\" stroke=\"currentColor\" stroke-width=\"2\"\/><path d=\"M8.466,8.661V0H0\" transform=\"translate(2.925 0)\" fill=\"none\" stroke=\"currentColor\" stroke-width=\"2\"\/><\/g><\/svg><\/span>\n    <\/a>\n\n<\/sr7-txt>\n\t\t\t\t\t\t\t<sr7-txt id=\"SR7_6_1-33-4\" class=\"sr7-layer\">D'une simple exp\u00e9dition \u00e0 la cr\u00e9ation d'une solution logistique compl\u00e8te, EveryPoint peut g\u00e9rer l'ensemble de vos besoins en mati\u00e8re de logistique de fret.<\/sr7-txt>\n\t\t\t\t\t\t<\/sr7-slide>\n\t\t\t\t\t\t<sr7-slide id=\"SR7_6_1-22\" data-key=\"22\">\n\t\t\t\t\t\t<\/sr7-slide>\n\t\t\t\t\t<\/sr7-content>\n\t\t\t\t\t<image_lists style=\"display:none\">\n\t\t\t\t\t\t<img data-src=\"\/\/everypoint.ca\/wordpress\/wp-content\/uploads\/2024\/08\/main-video.mp4\" width=\"0\" height=\"0\" data-dbsrc=\"Ly9ldmVyeXBvaW50LmNhL3dvcmRwcmVzcy93cC1jb250ZW50L3VwbG9hZHMvMjAyNC8wOC9tYWluLXZpZGVvLm1wNA==\"\/>\n\t\t\t\t\t\t<img data-src=\"\/\/everypoint.ca\/wordpress\/wp-content\/uploads\/2024\/08\/h1-img-1.jpg\" data-libid=\"5584\" data-lib=\"medialibrary\" width=\"0\" height=\"0\" data-dbsrc=\"Ly9ldmVyeXBvaW50LmNhL3dvcmRwcmVzcy93cC1jb250ZW50L3VwbG9hZHMvMjAyNC8wOC9oMS1pbWctMS5qcGc=\"\/>\n\t\t\t\t\t\t<img data-src=\"\/\/everypoint.ca\/wordpress\/wp-content\/uploads\/2024\/07\/logo-wht.png\" data-libid=\"5533\" data-lib=\"medialibrary\" width=\"0\" height=\"0\" data-dbsrc=\"Ly9ldmVyeXBvaW50LmNhL3dvcmRwcmVzcy93cC1jb250ZW50L3VwbG9hZHMvMjAyNC8wNy9sb2dvLXdodC5wbmc=\"\/>\n\t\t\t\t\t\t<img loading=\"lazy\" data-src=\"\/\/everypoint.ca\/wordpress\/wp-content\/uploads\/2024\/08\/h1-img-7.jpg\" data-libid=\"5583\" data-lib=\"medialibrary\" title=\"h1-img-7\" width=\"0\" height=\"0\" data-dbsrc=\"Ly9ldmVyeXBvaW50LmNhL3dvcmRwcmVzcy93cC1jb250ZW50L3VwbG9hZHMvMjAyNC8wOC9oMS1pbWctNy5qcGc=\"\/>\n\t\t\t\t\t\t<img loading=\"lazy\" data-src=\"\/\/everypoint.ca\/wp-content\/uploads\/2024\/08\/main-video.mp4\" width=\"0\" height=\"0\" data-dbsrc=\"Ly9ldmVyeXBvaW50LmNhL3dwLWNvbnRlbnQvdXBsb2Fkcy8yMDI0LzA4L21haW4tdmlkZW8ubXA0\"\/>\n\t\t\t\t\t<\/image_lists>\n\t\t\t\t<\/sr7-module>\n\t\t\t\t<script>\n\t\t\t\t\tSR7.PMH ??={}; SR7.PMH[\"SR7_6_1\"] = {cn:0,state:false,fn: function() { if (_tpt!==undefined && _tpt.prepareModuleHeight !== undefined) {  _tpt.prepareModuleHeight({id:\"SR7_6_1\",el:[900,900,768,800,720],type:'standard',shdw:'0',gh:[900,900,768,800,720],gw:[1240,1240,1024,778,480],vpt:['100px&#039;,&#039;100px&#039;,&#039;100px&#039;,&#039;100px&#039;,&#039;100px'],size:{fullWidth:true, fullHeight:true},fho:',',mh:'0',onh:0,onw:0,bg:{color:'{\"orig\":\"transparent\",\"type\":\"solid\",\"string\":\"transparent\"}'}});   SR7.PMH[\"SR7_6_1\"].state=true;} else if((SR7.PMH[\"SR7_6_1\"].cn++)<100)\tsetTimeout( SR7.PMH[\"SR7_6_1\"].fn,19);}};SR7.PMH[\"SR7_6_1\" ].fn();\n\t\t\t\t<\/script>\n\n<h2 >\n\t\t\tVotre partenaire en mati\u00e8re de transport et de logistique\t<\/h2>\n<p > Faites l&rsquo;exp\u00e9rience d&rsquo;une fiabilit\u00e9 in\u00e9gal\u00e9e gr\u00e2ce \u00e0 nos solutions expertes en mati\u00e8re de transport et de logistique, con\u00e7ues pour permettre \u00e0 votre entreprise d&rsquo;aller de l&rsquo;avant. <\/p>\n<p>    \t<a href=\"https:\/\/everypoint.ca\/our-services\/\" target=\"_self\" rel=\"noopener\">\tEn savoir plus            <svg xmlns=\"http:\/\/www.w3.org\/2000\/svg\" width=\"18.476\" height=\"18.044\" viewBox=\"0 0 18.476 18.044\"><g transform=\"translate(9.007 0.992) rotate(45)\"><path d=\"M0,11.312,11.377,0\" transform=\"translate(0 0.011)\" fill=\"none\" stroke=\"currentColor\" stroke-width=\"2\"\/><path d=\"M8.466,8.661V0H0\" transform=\"translate(2.925 0)\" fill=\"none\" stroke=\"currentColor\" stroke-width=\"2\"\/><\/g><\/svg>    <\/a><br \/>\n\t\t\t\t\t\t\t\t<img loading=\"lazy\" width=\"904\" height=\"427\" src=\"https:\/\/everypoint.ca\/wp-content\/uploads\/2024\/08\/cut-out-trucks.png\" alt=\"\" decoding=\"async\" srcset=\"https:\/\/everypoint.ca\/wp-content\/uploads\/2024\/08\/cut-out-trucks.png 904w, https:\/\/everypoint.ca\/wp-content\/uploads\/2024\/08\/cut-out-trucks-300x142.png 300w, https:\/\/everypoint.ca\/wp-content\/uploads\/2024\/08\/cut-out-trucks-768x363.png 768w\" sizes=\"(max-width: 904px) 100vw, 904px\" \/><br \/>\n\t\t\t<svg xmlns=\"http:\/\/www.w3.org\/2000\/svg\" width=\"66.254\" height=\"66.804\"><path fill=\"#f94834\" d=\"M56.253 0H37.181L19.15 26.9V0H.002v18.478l18.4 9.313-18.4 9.313v18.7H19.15V28.163l18.031 27.641h19.072c-.223 0 0-18.7 0-18.7l-36.73-9.312 36.73-9.313Z\"><\/path><\/svg>\t\t<\/p>\n<h5 style=\"margin-top: 40px\">\n\t\t\t\t\t<a itemprop=\"url\" href=\"http:\/\/fr\/land\/\" target=\"_self\" rel=\"noopener\"><br \/>\n\t\t\t\t\tTransports terrestres<br \/>\n\t\t\t\t\t<\/a><br \/>\n\t\t\t<\/h5>\n<p >Des services de fret terrestre fiables et rapides dans toute l&#039;Am\u00e9rique du Nord.<\/p>\n<p>\t\t\t<svg xmlns=\"http:\/\/www.w3.org\/2000\/svg\" width=\"62.841\" height=\"62.812\"><g fill=\"#97262c\"><path d=\"M0 44.185h16.284v16.626L30.92 46.175v-15.77H13.779Z\"><\/path><path d=\"M0 13.779h16.284v16.626L30.92 15.769V-.001H13.779ZM30.921 13.779h16.284v16.626l14.636-14.636V-.001H44.7ZM30.921 44.185h16.284v16.626l14.636-14.636v-15.77H44.7Z\"><\/path><\/g><\/svg>\t\t<\/p>\n<h5 style=\"margin-top: 40px\">\n\t\t\t\t\t<a itemprop=\"url\" href=\"https:\/\/everypoint.ca\/air-ocean\/\" target=\"_self\" rel=\"noopener\"><br \/>\n\t\t\t\t\tFret a\u00e9rien et maritime<br \/>\n\t\t\t\t\t<\/a><br \/>\n\t\t\t<\/h5>\n<p >  Une port\u00e9e mondiale gr\u00e2ce \u00e0 un transport a\u00e9rien et maritime rapide et s\u00fbr.<\/p>\n<p>\t\t\t<svg xmlns=\"http:\/\/www.w3.org\/2000\/svg\" width=\"66.501\" height=\"66.29\"><g fill=\"#f94834\"><path d=\"m42.188.001 6.506 17.875-8.938 3.253-6.505-17.875zM33.25 3.253l-6.506 17.875-8.937-3.253L24.313 0zM33.25 63.037l6.506-17.875 8.937 3.253-6.506 17.875zM24.313 66.29l-6.506-17.875 8.938-3.253 6.505 17.875zM48.515 17.959l17.986 6.193-3.097 8.993-17.985-6.193zM21.083 26.952 3.097 33.145.001 24.152l17.986-6.193zM45.418 39.338l17.986-6.193 3.096 8.993-17.986 6.193zM17.986 48.332 0 42.139l3.097-8.993 17.985 6.193z\"><\/path><\/g><\/svg>\t\t<\/p>\n<h5 style=\"margin-top: 40px\">\n\t\t\t\t\t<a itemprop=\"url\" href=\"http:\/\/fr\/land\/#warehousing\" target=\"_self\" rel=\"noopener\"><br \/>\n\t\t\t\t\tEntreposage et distribution<br \/>\n\t\t\t\t\t<\/a><br \/>\n\t\t\t<\/h5>\n<p >Solutions compl\u00e8tes de stockage et de cha\u00eene d&#039;approvisionnement.<\/p>\n<p>\t\t\t<svg xmlns=\"http:\/\/www.w3.org\/2000\/svg\" width=\"60.855\" height=\"66\"><g fill=\"#f94834\"><path d=\"M40.891 10.464H19.963V0h20.928z\"><\/path><path d=\"M51.981 28.133 40.889 10.386l8.874-5.546 11.091 17.747zM0 22.588 11.092 4.841l8.873 5.546L8.873 28.134z\"><\/path><path d=\"M60.855 33.678 49.763 51.425l-8.873-5.546 11.092-17.747zM8.874 28.133 19.966 45.88l-8.874 5.546L.001 33.679zM40.891 56.758H19.963V46.294h20.928z\"><\/path><\/g><\/svg>\t\t<\/p>\n<h5 style=\"margin-top: 40px\">\n\t\t\t\t\t<a itemprop=\"url\" href=\"https:\/\/everypoint.ca\/fr\/e-sol\/\" target=\"_self\" rel=\"noopener\"><br \/>\n\t\t\t\t\tGestion du fret en ligne E-Sol<br \/>\n\t\t\t\t\t<\/a><br \/>\n\t\t\t<\/h5>\n<p >Une automatisation sans faille pour un contr\u00f4le total de vos envois.<\/p>\n<h2 style=\"color: #222222\" >La diff\u00e9rence EveryPoint<\/h2>\n<p>\t\t<a href=\"https:\/\/everypoint.ca\/our-services\/\" target=\"_self\" rel=\"noopener\">\tNos services            <svg xmlns=\"http:\/\/www.w3.org\/2000\/svg\" width=\"18.476\" height=\"18.044\" viewBox=\"0 0 18.476 18.044\"><g transform=\"translate(9.007 0.992) rotate(45)\"><path d=\"M0,11.312,11.377,0\" transform=\"translate(0 0.011)\" fill=\"none\" stroke=\"currentColor\" stroke-width=\"2\"\/><path d=\"M8.466,8.661V0H0\" transform=\"translate(2.925 0)\" fill=\"none\" stroke=\"currentColor\" stroke-width=\"2\"\/><\/g><\/svg>    <\/a>\t<\/p>\n<article>\n                01            <\/p>\n<h5 >\n\t            Expertise et exp\u00e9rience\t\t\t<\/h5>\n<p>                Avec plus de 20 ans d&#039;exp\u00e9rience dans le secteur, notre \u00e9quipe exp\u00e9riment\u00e9e veille \u00e0 ce que chaque aspect de votre logistique soit trait\u00e9 avec pr\u00e9cision et soin.<br \/>\n\t\t\t<\/article>\n<article>\n                02            <\/p>\n<h5 >\n\t            Services complets\t\t\t<\/h5>\n<p>                Qu&#039;il s&#039;agisse de FTL, de LTL, d&#039;exp\u00e9dition acc\u00e9l\u00e9r\u00e9e ou de fret sp\u00e9cialis\u00e9, nous g\u00e9rons chaque \u00e9tape du processus logistique, de l&#039;enl\u00e8vement \u00e0 la livraison.<br \/>\n\t\t\t<\/article>\n<article>\n                03            <\/p>\n<h5 >\n\t            R\u00e9seau et port\u00e9e\t\t\t<\/h5>\n<p>                Notre vaste r\u00e9seau de transporteurs et notre large couverture g\u00e9ographique nous permettent de livrer vos envois efficacement, quelle que soit la destination.<br \/>\n\t\t\t<\/article>\n<article>\n                04            <\/p>\n<h5 >\n\t            Service client\u00e8le\t\t\t<\/h5>\n<p>                Avec une assistance d\u00e9di\u00e9e \u00e0 chaque \u00e9tape, nous donnons la priorit\u00e9 \u00e0 votre satisfaction gr\u00e2ce \u00e0 un service r\u00e9actif et personnalis\u00e9 adapt\u00e9 \u00e0 vos besoins.<br \/>\n\t\t\t<\/article>\n<p>\t\t<img loading=\"lazy\" width=\"1887\" height=\"927\" src=\"https:\/\/everypoint.ca\/wp-content\/uploads\/2024\/08\/h1-img-map-1.png\" alt=\"\" decoding=\"async\" srcset=\"https:\/\/everypoint.ca\/wp-content\/uploads\/2024\/08\/h1-img-map-1.png 1887w, https:\/\/everypoint.ca\/wp-content\/uploads\/2024\/08\/h1-img-map-1-300x147.png 300w, https:\/\/everypoint.ca\/wp-content\/uploads\/2024\/08\/h1-img-map-1-1024x503.png 1024w, https:\/\/everypoint.ca\/wp-content\/uploads\/2024\/08\/h1-img-map-1-768x377.png 768w, https:\/\/everypoint.ca\/wp-content\/uploads\/2024\/08\/h1-img-map-1-1536x755.png 1536w\" sizes=\"(max-width: 1887px) 100vw, 1887px\" \/><br \/>\n\t\t<img loading=\"lazy\" width=\"150\" height=\"150\" src=\"https:\/\/everypoint.ca\/wp-content\/uploads\/2024\/08\/epls-sq-mtl-wht-150x150.png\" alt=\"\" decoding=\"async\" srcset=\"https:\/\/everypoint.ca\/wp-content\/uploads\/2024\/08\/epls-sq-mtl-wht-150x150.png 150w, https:\/\/everypoint.ca\/wp-content\/uploads\/2024\/08\/epls-sq-mtl-wht-300x300.png 300w, https:\/\/everypoint.ca\/wp-content\/uploads\/2024\/08\/epls-sq-mtl-wht.png 480w\" sizes=\"(max-width: 150px) 100vw, 150px\" \/>\t<\/p>\n<p >\n\t5490 Boul Thimens &#8211; Suite 101, Saint-Laurent, QC H4R 2K9<\/p>\n<p>\t\t<img loading=\"lazy\" width=\"150\" height=\"150\" src=\"https:\/\/everypoint.ca\/wp-content\/uploads\/2024\/08\/epls-sq-hudson-wht-150x150.png\" alt=\"\" decoding=\"async\" srcset=\"https:\/\/everypoint.ca\/wp-content\/uploads\/2024\/08\/epls-sq-hudson-wht-150x150.png 150w, https:\/\/everypoint.ca\/wp-content\/uploads\/2024\/08\/epls-sq-hudson-wht-300x300.png 300w, https:\/\/everypoint.ca\/wp-content\/uploads\/2024\/08\/epls-sq-hudson-wht.png 480w\" sizes=\"(max-width: 150px) 100vw, 150px\" \/>\t<\/p>\n<p >\n\t61 Rue Cameron &#8211; Suite 210, Hudson, QC J0P 1H0<\/p>\n<h2 >\n\t\t\tNous joindre\t<\/h2>\n<p > Que ce soit pour une demande de devis, une demande de projet ou simplement pour vous saluer, notre \u00e9quipe de sp\u00e9cialistes en logistique est \u00e0 votre service.<\/p>\n<h3>1-877-231-9991<\/h3>\n<h5><a href=\"mailto:info@everypoint.ca\">info@everypoint.ca<\/a><\/h5>\n<h6>Solutions Logistiques EveryPoint<\/h6>\n<p>5490 Boul.<br \/>\nThimens &#8211; Suite 101<br \/>Saint-Laurent, QC<br \/>H4R 2K9, Canada <\/p>\n<h6>Logistiques EveryPoint Hudson<\/h6>\n<p>61 Rue Cameron &#8211; Suite 210<br \/>Hudson, QC<br \/>J0P 1H0, Canada<\/p>\n<h6 >\n\t\t\t\t\tLe d\u00e9but\t\t\t<\/h6>\n<h3 style=\"margin: 12px 0 5px 0\">\n        2000    <\/h3>\n<p>            <svg xmlns=\"http:\/\/www.w3.org\/2000\/svg\" width=\"42.382\" height=\"42.382\" viewBox=\"0 0 42.382 42.382\"><path d=\"M-4872.334,1913.807l16.589-1.028-.673,17.278,14.3-14.3-1.1-14.386-15.648-1.026Z\" transform=\"translate(4810.017 2101.518) rotate(45)\" fill=\"#f94834\"\/><\/svg>        <\/p>\n<p style=\"--qode-number-with-text-text-color: #FFFFFF\">Notre histoire commence par une vision claire et un engagement \u00e0 fournir des services logistiques exceptionnels.<\/p>\n<h6 style=\"--qode-number-with-text-title-color: #FFFFFF\">\n\t\t\t\t\tGrandes \u00e9tapes\t\t\t<\/h6>\n<h3 style=\"margin: 12px 0 5px 0\">\n        2015    <\/h3>\n<p>            <svg xmlns=\"http:\/\/www.w3.org\/2000\/svg\" width=\"42.382\" height=\"42.382\" viewBox=\"0 0 42.382 42.382\"><path d=\"M-4872.334,1913.807l16.589-1.028-.673,17.278,14.3-14.3-1.1-14.386-15.648-1.026Z\" transform=\"translate(4810.017 2101.518) rotate(45)\" fill=\"#f94834\"\/><\/svg>        <\/p>\n<p >Nous avons ouvert notre deuxi\u00e8me bureau, \u00e9largissant ainsi notre champ d&#039;action et renfor\u00e7ant nos capacit\u00e9s.<\/p>\n<h6 >\n\t\t\t\t\tAujourd&#039;hui\t\t\t<\/h6>\n<h3 style=\"margin: 12px 0 5px 0\">\n        Au-del\u00e0    <\/h3>\n<p>            <svg xmlns=\"http:\/\/www.w3.org\/2000\/svg\" width=\"42.382\" height=\"42.382\" viewBox=\"0 0 42.382 42.382\"><path d=\"M-4872.334,1913.807l16.589-1.028-.673,17.278,14.3-14.3-1.1-14.386-15.648-1.026Z\" transform=\"translate(4810.017 2101.518) rotate(45)\" fill=\"#f94834\"\/><\/svg>        <\/p>\n<p style=\"--qode-number-with-text-text-color: #FFFFFF\">Poursuivre l&#039;excellence et \u00e9tablir de nouvelles normes pour l&#039;avenir de la logistique, une exp\u00e9dition \u00e0 la fois.<\/p>\n<p>\t\t<svg xmlns=\"http:\/\/www.w3.org\/2000\/svg\" width=\"45.542\" height=\"40.994\" viewBox=\"0 0 45.542 40.994\"><path d=\"M13.1-60.134l-1.833-40.994H28.913l-1.9,40.994Zm27.9,0-1.833-40.994H56.808l-1.9,40.994Z\" transform=\"translate(-11.267 101.128)\" fill=\"#f94834\"><\/path><\/svg>\t<\/p>\n<h5 itemprop=\"description\">EveryPoint est le meilleur &#8230; Vous faites toujours en sorte que les choses se passent bien. J&#039;appr\u00e9cie votre travail acharn\u00e9. Continuez comme \u00e7a.   <\/h5>\n<h6>Jose Hernandez<\/h6>\n<p>\t\t\t\t\tThe Custom Companies<br \/>\n\t\t<svg xmlns=\"http:\/\/www.w3.org\/2000\/svg\" width=\"45.542\" height=\"40.994\" viewBox=\"0 0 45.542 40.994\"><path d=\"M13.1-60.134l-1.833-40.994H28.913l-1.9,40.994Zm27.9,0-1.833-40.994H56.808l-1.9,40.994Z\" transform=\"translate(-11.267 101.128)\" fill=\"#f94834\"><\/path><\/svg>\t<\/p>\n<h5 itemprop=\"description\">EveryPoint Logistics est l&#039;incarnation d&#039;une collaboration honn\u00eate avec notre entreprise qui fournit un service de qualit\u00e9 tout au long de la cha\u00eene d&#039;approvisionnement de nos clients.<\/h5>\n<h6>Gerald Marks<\/h6>\n<p>\t\t\t\t\tAjinomoto<br \/>\n\t\t\t\t\t<a itemprop=\"url\" href=\"https:\/\/www.tianet.org\/\" target=\"_blank\" rel=\"noopener\"><br \/>\n\t\t\t\t\t\t\t\t\t\t\t<img loading=\"lazy\" decoding=\"async\" itemprop=\"image\" src=\"https:\/\/everypoint.ca\/wp-content\/uploads\/2024\/08\/ll-tia.png\"\n\t\t\t\t\t\t\t width=\"220\"\n\t\t\t\t\t\t\t height=\"80\"\n\t\t\t\t\t\t\t alt=\"\"\/><br \/>\n\t\t\t\t\t\t\t\t\t\t\t<img loading=\"lazy\" decoding=\"async\" itemprop=\"image\" src=\"https:\/\/everypoint.ca\/wp-content\/uploads\/2024\/08\/ll-tia-w.png\"\n\t\t\t\t\t\t\t width=\"220\"\n\t\t\t\t\t\t\t height=\"80\"\n\t\t\t\t\t\t\t alt=\"\"\/><br \/>\n\t\t\t\t\t\t\t\t\t\t\t<\/a><br \/>\n\t\t\t\t\t<a itemprop=\"url\" href=\"https:\/\/tcmtl.com\/\" target=\"_blank\" rel=\"noopener\"><br \/>\n\t\t\t\t\t\t\t\t\t\t\t<img loading=\"lazy\" decoding=\"async\" itemprop=\"image\" src=\"https:\/\/everypoint.ca\/wp-content\/uploads\/2024\/08\/ll-traffic-club.png\"\n\t\t\t\t\t\t\t width=\"220\"\n\t\t\t\t\t\t\t height=\"80\"\n\t\t\t\t\t\t\t alt=\"\"\/><br \/>\n\t\t\t\t\t\t\t\t\t\t\t<img loading=\"lazy\" decoding=\"async\" itemprop=\"image\" src=\"https:\/\/everypoint.ca\/wp-content\/uploads\/2024\/08\/ll-traffic-club-w.png\"\n\t\t\t\t\t\t\t width=\"220\"\n\t\t\t\t\t\t\t height=\"80\"\n\t\t\t\t\t\t\t alt=\"\"\/><br \/>\n\t\t\t\t\t\t\t\t\t\t\t<\/a><br \/>\n\t\t\t\t\t<a itemprop=\"url\" href=\"https:\/\/www.epa.gov\/smartway\/\" target=\"_blank\" rel=\"noopener\"><br \/>\n\t\t\t\t\t\t\t\t\t\t\t<img loading=\"lazy\" decoding=\"async\" itemprop=\"image\" src=\"https:\/\/everypoint.ca\/wp-content\/uploads\/2024\/08\/ll-smartway.png\"\n\t\t\t\t\t\t\t width=\"220\"\n\t\t\t\t\t\t\t height=\"80\"\n\t\t\t\t\t\t\t alt=\"\"\/><br \/>\n\t\t\t\t\t\t\t\t\t\t\t<img loading=\"lazy\" decoding=\"async\" itemprop=\"image\" src=\"https:\/\/everypoint.ca\/wp-content\/uploads\/2024\/08\/ll-smartway-w.png\"\n\t\t\t\t\t\t\t width=\"220\"\n\t\t\t\t\t\t\t height=\"80\"\n\t\t\t\t\t\t\t alt=\"\"\/><br \/>\n\t\t\t\t\t\t\t\t\t\t\t<\/a><br \/>\n\t\t\t\t\t<a itemprop=\"url\" href=\"https:\/\/www.ccoim.ca\/en\/\" target=\"_blank\" rel=\"noopener\"><br \/>\n\t\t\t\t\t\t\t\t\t\t\t<img loading=\"lazy\" decoding=\"async\" itemprop=\"image\" src=\"https:\/\/everypoint.ca\/wp-content\/uploads\/2024\/08\/ll-wicc.png\"\n\t\t\t\t\t\t\t width=\"220\"\n\t\t\t\t\t\t\t height=\"80\"\n\t\t\t\t\t\t\t alt=\"\"\/><br \/>\n\t\t\t\t\t\t\t\t\t\t\t<img loading=\"lazy\" decoding=\"async\" itemprop=\"image\" src=\"https:\/\/everypoint.ca\/wp-content\/uploads\/2024\/08\/ll-wicc-w.png\"\n\t\t\t\t\t\t\t width=\"220\"\n\t\t\t\t\t\t\t height=\"80\"\n\t\t\t\t\t\t\t alt=\"\"\/><br \/>\n\t\t\t\t\t\t\t\t\t\t\t<\/a><\/p>\n","protected":false},"excerpt":{"rendered":"<p>Votre partenaire en mati\u00e8re de transport et de logistique Faites l&rsquo;exp\u00e9rience d&rsquo;une fiabilit\u00e9 in\u00e9gal\u00e9e gr\u00e2ce \u00e0 nos solutions expertes en mati\u00e8re de transport et de logistique, con\u00e7ues pour permettre \u00e0 votre entreprise d&rsquo;aller de l&rsquo;avant. En savoir plus Transports terrestres Des services de fret terrestre fiables et rapides dans toute l&#039;Am\u00e9rique du Nord. Fret a\u00e9rien [&hellip;]<\/p>\n","protected":false},"author":2,"featured_media":0,"parent":0,"menu_order":0,"comment_status":"closed","ping_status":"closed","template":"page-full-width.php","meta":{"footnotes":""},"class_list":["post-7604","page","type-page","status-publish","hentry"],"_links":{"self":[{"href":"https:\/\/everypoint.ca\/fr\/wp-json\/wp\/v2\/pages\/7604","targetHints":{"allow":["GET"]}}],"collection":[{"href":"https:\/\/everypoint.ca\/fr\/wp-json\/wp\/v2\/pages"}],"about":[{"href":"https:\/\/everypoint.ca\/fr\/wp-json\/wp\/v2\/types\/page"}],"author":[{"embeddable":true,"href":"https:\/\/everypoint.ca\/fr\/wp-json\/wp\/v2\/users\/2"}],"replies":[{"embeddable":true,"href":"https:\/\/everypoint.ca\/fr\/wp-json\/wp\/v2\/comments?post=7604"}],"version-history":[{"count":14,"href":"https:\/\/everypoint.ca\/fr\/wp-json\/wp\/v2\/pages\/7604\/revisions"}],"predecessor-version":[{"id":8013,"href":"https:\/\/everypoint.ca\/fr\/wp-json\/wp\/v2\/pages\/7604\/revisions\/8013"}],"wp:attachment":[{"href":"https:\/\/everypoint.ca\/fr\/wp-json\/wp\/v2\/media?parent=7604"}],"curies":[{"name":"wp","href":"https:\/\/api.w.org\/{rel}","templated":true}]}}