{"id":7619,"date":"2024-08-25T21:18:04","date_gmt":"2024-08-26T01:18:04","guid":{"rendered":"https:\/\/everypoint.ca\/wordpress\/e-sol\/"},"modified":"2024-09-17T13:50:23","modified_gmt":"2024-09-17T17:50:23","slug":"e-sol","status":"publish","type":"page","link":"https:\/\/everypoint.ca\/fr\/e-sol\/","title":{"rendered":"E-Sol"},"content":{"rendered":"\t\t<div data-elementor-type=\"wp-page\" data-elementor-id=\"7619\" class=\"elementor elementor-7619 elementor-6241\">\n\t\t\t\t<div class=\"elementor-element elementor-element-9d3a40e qodef-elementor-content-grid e-con-full e-flex e-con e-parent\" data-id=\"9d3a40e\" data-element_type=\"container\">\n\t\t\t\t<div class=\"elementor-element elementor-element-f18f0e0 elementor-widget__width-initial elementor-widget-tablet__width-inherit elementor-widget elementor-widget-freightexpress_core_section_title\" data-id=\"f18f0e0\" data-element_type=\"widget\" data-widget_type=\"freightexpress_core_section_title.default\">\n\t\t\t\t<div class=\"elementor-widget-container\">\n\t\t\t\t\t<div class=\"qodef-shortcode qodef-m  qodef-section-title qodef-alignment--left  \">\n    \t\t<h5 class=\"qodef-m-title\" >\n\t\t\tLe syst\u00e8me de gestion du fret en ligne d'EveryPoint\t<\/h5>\n\t    <p class=\"qodef-m-description\" style=\"margin-top: 24px\"> E-Sol est un syst\u00e8me automatis\u00e9 de gestion du fret bas\u00e9 sur le Web, con\u00e7u pour vous faire gagner du temps et de l'argent en r\u00e9duisant vos proc\u00e9dures de commande et d'administration pour vos activit\u00e9s d'entreposage et de r\u00e9seau de distribution.\nEveryPoint Logistics Solutions travaille avec des professionnels sp\u00e9cialement s\u00e9lectionn\u00e9s pour r\u00e9pondre \u00e0 vos besoins uniques en mati\u00e8re de distribution. <\/p>\n    <\/div>\n\t\t\t\t<\/div>\n\t\t\t\t<\/div>\n\t\t\t\t<\/div>\n\t\t<div class=\"elementor-element elementor-element-543a763 e-con-full e-flex e-con e-parent\" data-id=\"543a763\" data-element_type=\"container\">\n\t\t<div class=\"elementor-element elementor-element-b22e7a6 e-con-full qodef-elementor-content-grid qodef-extended-grid qodef-extended-grid--right e-flex e-con e-child\" data-id=\"b22e7a6\" data-element_type=\"container\">\n\t\t<div class=\"elementor-element elementor-element-701a5e2 e-con-full e-flex e-con e-child\" data-id=\"701a5e2\" data-element_type=\"container\">\n\t\t\t\t<div class=\"elementor-element elementor-element-cb32c61 elementor-widget elementor-widget-freightexpress_core_section_title\" data-id=\"cb32c61\" data-element_type=\"widget\" data-widget_type=\"freightexpress_core_section_title.default\">\n\t\t\t\t<div class=\"elementor-widget-container\">\n\t\t\t\t\t<div class=\"qodef-shortcode qodef-m  qodef-section-title qodef-alignment--left  \">\n    \t\t<h2 class=\"qodef-m-title\" >\n\t\t\tUne logistique rationalis\u00e9e en 3 \u00e9tapes faciles\t<\/h2>\n\t    <\/div>\n\t\t\t\t<\/div>\n\t\t\t\t<\/div>\n\t\t<div class=\"elementor-element elementor-element-a52cde3 e-con-full e-flex e-con e-child\" data-id=\"a52cde3\" data-element_type=\"container\">\n\t\t<div class=\"elementor-element elementor-element-7a89ee2 e-con-full e-flex e-con e-child\" data-id=\"7a89ee2\" data-element_type=\"container\">\n\t\t\t\t<div class=\"elementor-element elementor-element-b222ced elementor-widget elementor-widget-freightexpress_core_number_with_text\" data-id=\"b222ced\" data-element_type=\"widget\" data-widget_type=\"freightexpress_core_number_with_text.default\">\n\t\t\t\t<div class=\"elementor-widget-container\">\n\t\t\t\t\t<div class=\"qodef-shortcode qodef-m  qodef-number-with-text qodef-layout--simple \">\n\t<div class=\"qodef-m-content\">\n\t\t\t<p class=\"qodef-m-number\" >\n        01    <\/p>\n\t\t\t<p class=\"qodef-m-text\" >Saisissez vos commandes par le biais de notre interface conviviale, en affichant votre inventaire et vos emplacements, ou envoyez EDI\/XML via FTP pour \u00e9liminer les erreurs de saisie.<\/p>\n\t<\/div>\n<\/div>\n\t\t\t\t<\/div>\n\t\t\t\t<\/div>\n\t\t\t\t<\/div>\n\t\t<div class=\"elementor-element elementor-element-107defb e-con-full e-flex e-con e-child\" data-id=\"107defb\" data-element_type=\"container\">\n\t\t\t\t<div class=\"elementor-element elementor-element-4523e7c elementor-widget elementor-widget-freightexpress_core_number_with_text\" data-id=\"4523e7c\" data-element_type=\"widget\" data-widget_type=\"freightexpress_core_number_with_text.default\">\n\t\t\t\t<div class=\"elementor-widget-container\">\n\t\t\t\t\t<div class=\"qodef-shortcode qodef-m  qodef-number-with-text qodef-layout--simple \">\n\t<div class=\"qodef-m-content\">\n\t\t\t<p class=\"qodef-m-number\" >\n        02    <\/p>\n\t\t\t<p class=\"qodef-m-text\" >E-Sol envoie des notifications par courrier \u00e9lectronique avec des mises \u00e0 jour sur l&#039;\u00e9tat de l&#039;exp\u00e9dition directement \u00e0 la personne qui a pass\u00e9 la commande.<\/p>\n\t<\/div>\n<\/div>\n\t\t\t\t<\/div>\n\t\t\t\t<\/div>\n\t\t\t\t<\/div>\n\t\t<div class=\"elementor-element elementor-element-386e165 e-con-full e-flex e-con e-child\" data-id=\"386e165\" data-element_type=\"container\">\n\t\t\t\t<div class=\"elementor-element elementor-element-06b4f61 elementor-widget elementor-widget-freightexpress_core_number_with_text\" data-id=\"06b4f61\" data-element_type=\"widget\" data-widget_type=\"freightexpress_core_number_with_text.default\">\n\t\t\t\t<div class=\"elementor-widget-container\">\n\t\t\t\t\t<div class=\"qodef-shortcode qodef-m  qodef-number-with-text qodef-layout--simple \">\n\t<div class=\"qodef-m-content\">\n\t\t\t<p class=\"qodef-m-number\" >\n        03    <\/p>\n\t\t\t<p class=\"qodef-m-text\" >Connectez-vous sur www.everypoint.ca\/e-sol pour r\u00e9cup\u00e9rer votre preuve de livraison \u00e0 tout moment.<\/p>\n\t<\/div>\n<\/div>\n\t\t\t\t<\/div>\n\t\t\t\t<\/div>\n\t\t\t\t<\/div>\n\t\t\t\t<\/div>\n\t\t\t\t<\/div>\n\t\t<div class=\"elementor-element elementor-element-3226d2c e-con-full e-flex e-con e-child\" data-id=\"3226d2c\" data-element_type=\"container\">\n\t\t\t\t<div class=\"elementor-element elementor-element-1c2e90d elementor-widget elementor-widget-freightexpress_core_single_image\" data-id=\"1c2e90d\" data-element_type=\"widget\" data-widget_type=\"freightexpress_core_single_image.default\">\n\t\t\t\t<div class=\"elementor-widget-container\">\n\t\t\t\t\t<div class=\"qodef-shortcode qodef-m  qodef-single-image qodef-layout--default    qodef--has-appear qodef-appear--reveal\"   >\n\t\t\t<div class=\"qodef-m-image\">\n\t\t\t\t\t\t\t\t<img fetchpriority=\"high\" decoding=\"async\" width=\"800\" height=\"500\" src=\"https:\/\/everypoint.ca\/wp-content\/uploads\/2024\/08\/h5-img-1.png\" class=\"attachment-full size-full\" alt=\"\" srcset=\"https:\/\/everypoint.ca\/wp-content\/uploads\/2024\/08\/h5-img-1.png 800w, https:\/\/everypoint.ca\/wp-content\/uploads\/2024\/08\/h5-img-1-300x188.png 300w, https:\/\/everypoint.ca\/wp-content\/uploads\/2024\/08\/h5-img-1-768x480.png 768w\" sizes=\"(max-width: 800px) 100vw, 800px\" \/>\t\t\t\t\t\t\t<\/div>\n\t<\/div>\n\t\t\t\t<\/div>\n\t\t\t\t<\/div>\n\t\t\t\t<\/div>\n\t\t\t\t<\/div>\n\t\t\t\t<\/div>\n\t\t<div class=\"elementor-element elementor-element-26c8ae9 e-flex e-con-boxed e-con e-parent\" data-id=\"26c8ae9\" data-element_type=\"container\" data-settings=\"{&quot;background_background&quot;:&quot;classic&quot;}\">\n\t\t\t\t\t<div class=\"e-con-inner\">\n\t\t\t\t<div class=\"elementor-element elementor-element-d0edb6f elementor-widget__width-initial elementor-widget-tablet__width-inherit elementor-widget elementor-widget-freightexpress_core_section_title\" data-id=\"d0edb6f\" data-element_type=\"widget\" data-widget_type=\"freightexpress_core_section_title.default\">\n\t\t\t\t<div class=\"elementor-widget-container\">\n\t\t\t\t\t<div class=\"qodef-shortcode qodef-m  qodef-section-title qodef-alignment--left  \">\n    \t\t<h4 class=\"qodef-m-title\" >\n\t\t\tAvantages de l'utilisation d'E-Sol\t<\/h4>\n\t    <\/div>\n\t\t\t\t<\/div>\n\t\t\t\t<\/div>\n\t\t\t\t<div class=\"elementor-element elementor-element-3a6c071 elementor-widget elementor-widget-freightexpress_core_accordion_info\" data-id=\"3a6c071\" data-element_type=\"widget\" data-widget_type=\"freightexpress_core_accordion_info.default\">\n\t\t\t\t<div class=\"elementor-widget-container\">\n\t\t\t\t\t<div class=\"qodef-shortcode qodef-m  qodef-accordion-info qodef-behavior--accordion qodef-layout--extended qodef-skin--dark\">\n\t<div class=\"qodef-m-heading\">\n\t<\/div>\n\t<div class=\"qodef-accordion-info-inner\">\n\t\t\t\t\t\t\t\t\t\t\t\t\t<div class=\"qodef-m-navigation\">\n\t\t<h6 class=\"qodef-m-title\">\n\t\tCommande int\u00e9gr\u00e9e et gestion des documents\t<\/h6>\n\t<p class=\"qodef-m-tagline\">\n\t\tCommande en ligne via un navigateur web, saisie de fichiers EDI\/XML, t\u00e9l\u00e9chargement de documents d&#039;exp\u00e9dition et facturation automatis\u00e9e.\t<\/p>\n<div class=\"qodef-m-mark\">\n\t<svg class=\"qodef-svg--plus\" xmlns=\"http:\/\/www.w3.org\/2000\/svg\" width=\"22.679\" height=\"22.679\" viewBox=\"0 0 22.679 22.679\"><g transform=\"translate(-1625.086 -3333)\"><path d=\"M-3705.865-2038.719v22.679\" transform=\"translate(5342.291 5371.72)\" fill=\"none\" stroke=\"#fcfcfc\" stroke-width=\"2\"\/><path d=\"M0,0V22.679\" transform=\"translate(1625.086 3344.339) rotate(-90)\" fill=\"none\" stroke=\"#fcfcfc\" stroke-width=\"2\"\/><\/g><\/svg>    <svg class=\"qodef-svg--minus\" xmlns=\"http:\/\/www.w3.org\/2000\/svg\" width=\"22.679\" height=\"2\" viewBox=\"0 0 22.679 2\"><g transform=\"translate(-1625.086 -3343.339)\"><path d=\"M0,0V22.679\" transform=\"translate(1625.086 3344.339) rotate(-90)\" fill=\"none\" stroke=\"#f94834\" stroke-width=\"2\"\/><\/g><\/svg><\/div>\n<\/div>\n<div class=\"qodef-m-content\">\n\t<\/div>\n\t\t\t\t\t\t\t\t\t\t\t<div class=\"qodef-m-navigation\">\n\t\t<h6 class=\"qodef-m-title\">\n\t\tS\u00e9curit\u00e9 renforc\u00e9e et contr\u00f4les d&#039;acc\u00e8s\t<\/h6>\n\t<p class=\"qodef-m-tagline\">\n\t\tCryptage 128 bits, contr\u00f4le des mots de passe et stockage s\u00e9curis\u00e9 des documents num\u00e9riques.\t<\/p>\n<div class=\"qodef-m-mark\">\n\t<svg class=\"qodef-svg--plus\" xmlns=\"http:\/\/www.w3.org\/2000\/svg\" width=\"22.679\" height=\"22.679\" viewBox=\"0 0 22.679 22.679\"><g transform=\"translate(-1625.086 -3333)\"><path d=\"M-3705.865-2038.719v22.679\" transform=\"translate(5342.291 5371.72)\" fill=\"none\" stroke=\"#fcfcfc\" stroke-width=\"2\"\/><path d=\"M0,0V22.679\" transform=\"translate(1625.086 3344.339) rotate(-90)\" fill=\"none\" stroke=\"#fcfcfc\" stroke-width=\"2\"\/><\/g><\/svg>    <svg class=\"qodef-svg--minus\" xmlns=\"http:\/\/www.w3.org\/2000\/svg\" width=\"22.679\" height=\"2\" viewBox=\"0 0 22.679 2\"><g transform=\"translate(-1625.086 -3343.339)\"><path d=\"M0,0V22.679\" transform=\"translate(1625.086 3344.339) rotate(-90)\" fill=\"none\" stroke=\"#f94834\" stroke-width=\"2\"\/><\/g><\/svg><\/div>\n<\/div>\n<div class=\"qodef-m-content\">\n\t<\/div>\n\t\t\t\t\t\t\t\t\t\t\t<div class=\"qodef-m-navigation\">\n\t\t<h6 class=\"qodef-m-title\">\n\t\tGestion avanc\u00e9e des stocks et des contacts\t<\/h6>\n\t<p class=\"qodef-m-tagline\">\n\t\tBase de donn\u00e9es personnalis\u00e9e de contacts et de produits, contr\u00f4le des stocks et acc\u00e8s instantan\u00e9 aux d\u00e9tails des commandes pass\u00e9es.\t<\/p>\n<div class=\"qodef-m-mark\">\n\t<svg class=\"qodef-svg--plus\" xmlns=\"http:\/\/www.w3.org\/2000\/svg\" width=\"22.679\" height=\"22.679\" viewBox=\"0 0 22.679 22.679\"><g transform=\"translate(-1625.086 -3333)\"><path d=\"M-3705.865-2038.719v22.679\" transform=\"translate(5342.291 5371.72)\" fill=\"none\" stroke=\"#fcfcfc\" stroke-width=\"2\"\/><path d=\"M0,0V22.679\" transform=\"translate(1625.086 3344.339) rotate(-90)\" fill=\"none\" stroke=\"#fcfcfc\" stroke-width=\"2\"\/><\/g><\/svg>    <svg class=\"qodef-svg--minus\" xmlns=\"http:\/\/www.w3.org\/2000\/svg\" width=\"22.679\" height=\"2\" viewBox=\"0 0 22.679 2\"><g transform=\"translate(-1625.086 -3343.339)\"><path d=\"M0,0V22.679\" transform=\"translate(1625.086 3344.339) rotate(-90)\" fill=\"none\" stroke=\"#f94834\" stroke-width=\"2\"\/><\/g><\/svg><\/div>\n<\/div>\n<div class=\"qodef-m-content\">\n\t<\/div>\n\t\t\t\t\t\t\t\t\t\t\t<div class=\"qodef-m-navigation\">\n\t\t<h6 class=\"qodef-m-title\">\n\t\tDevis et facturation efficaces\t<\/h6>\n\t<p class=\"qodef-m-tagline\">\n\t\tFonction de tarification bas\u00e9e sur le co\u00fbt du transporteur, facturation par lots, audit des taux de fret et rapports de veille strat\u00e9gique.\t<\/p>\n<div class=\"qodef-m-mark\">\n\t<svg class=\"qodef-svg--plus\" xmlns=\"http:\/\/www.w3.org\/2000\/svg\" width=\"22.679\" height=\"22.679\" viewBox=\"0 0 22.679 22.679\"><g transform=\"translate(-1625.086 -3333)\"><path d=\"M-3705.865-2038.719v22.679\" transform=\"translate(5342.291 5371.72)\" fill=\"none\" stroke=\"#fcfcfc\" stroke-width=\"2\"\/><path d=\"M0,0V22.679\" transform=\"translate(1625.086 3344.339) rotate(-90)\" fill=\"none\" stroke=\"#fcfcfc\" stroke-width=\"2\"\/><\/g><\/svg>    <svg class=\"qodef-svg--minus\" xmlns=\"http:\/\/www.w3.org\/2000\/svg\" width=\"22.679\" height=\"2\" viewBox=\"0 0 22.679 2\"><g transform=\"translate(-1625.086 -3343.339)\"><path d=\"M0,0V22.679\" transform=\"translate(1625.086 3344.339) rotate(-90)\" fill=\"none\" stroke=\"#f94834\" stroke-width=\"2\"\/><\/g><\/svg><\/div>\n<\/div>\n<div class=\"qodef-m-content\">\n\t<\/div>\n\t\t\t\t\t\t\t\t\t\t\t<div class=\"qodef-m-navigation\">\n\t\t<h6 class=\"qodef-m-title\">\n\t\tNotifications automatiques\t<\/h6>\n\t<p class=\"qodef-m-tagline\">\n\t\tMise \u00e0 jour automatique par courrier \u00e9lectronique de l&#039;\u00e9tat des commandes et des factures d\u00e9taill\u00e9es d&#039;exp\u00e9dition et d&#039;entreposage.\t<\/p>\n<div class=\"qodef-m-mark\">\n\t<svg class=\"qodef-svg--plus\" xmlns=\"http:\/\/www.w3.org\/2000\/svg\" width=\"22.679\" height=\"22.679\" viewBox=\"0 0 22.679 22.679\"><g transform=\"translate(-1625.086 -3333)\"><path d=\"M-3705.865-2038.719v22.679\" transform=\"translate(5342.291 5371.72)\" fill=\"none\" stroke=\"#fcfcfc\" stroke-width=\"2\"\/><path d=\"M0,0V22.679\" transform=\"translate(1625.086 3344.339) rotate(-90)\" fill=\"none\" stroke=\"#fcfcfc\" stroke-width=\"2\"\/><\/g><\/svg>    <svg class=\"qodef-svg--minus\" xmlns=\"http:\/\/www.w3.org\/2000\/svg\" width=\"22.679\" height=\"2\" viewBox=\"0 0 22.679 2\"><g transform=\"translate(-1625.086 -3343.339)\"><path d=\"M0,0V22.679\" transform=\"translate(1625.086 3344.339) rotate(-90)\" fill=\"none\" stroke=\"#f94834\" stroke-width=\"2\"\/><\/g><\/svg><\/div>\n<\/div>\n<div class=\"qodef-m-content\">\n\t<\/div>\n\t\t\t\t\t\t<\/div>\n<\/div>\n\t\t\t\t<\/div>\n\t\t\t\t<\/div>\n\t\t\t\t<div class=\"elementor-element elementor-element-69d8e23 elementor-widget elementor-widget-freightexpress_core_button\" data-id=\"69d8e23\" data-element_type=\"widget\" data-widget_type=\"freightexpress_core_button.default\">\n\t\t\t\t<div class=\"elementor-widget-container\">\n\t\t\t\t\t<a class=\"qodef-shortcode qodef-m  qodef-button qodef-layout--filled qodef-show-button-arrow--yes  qodef-html--link\" href=\"\/contact-us\/\" target=\"_self\" >\n\t<span class=\"qodef-m-text\" data-title=\"Commencez\">Commencez<\/span>\n            <span class=\"qodef-btn-arrow\"><svg class=\"qodef-svg--button-arrow-standard\" xmlns=\"http:\/\/www.w3.org\/2000\/svg\" width=\"18.476\" height=\"18.044\" viewBox=\"0 0 18.476 18.044\"><g transform=\"translate(9.007 0.992) rotate(45)\"><path d=\"M0,11.312,11.377,0\" transform=\"translate(0 0.011)\" fill=\"none\" stroke=\"currentColor\" stroke-width=\"2\"\/><path d=\"M8.466,8.661V0H0\" transform=\"translate(2.925 0)\" fill=\"none\" stroke=\"currentColor\" stroke-width=\"2\"\/><\/g><\/svg><\/span>\n    <\/a>\n\t\t\t\t<\/div>\n\t\t\t\t<\/div>\n\t\t\t\t\t<\/div>\n\t\t\t\t<\/div>\n\t\t<div class=\"elementor-element elementor-element-e54dbb5 qodef-elementor-content-grid e-con-full e-flex e-con e-parent\" data-id=\"e54dbb5\" data-element_type=\"container\">\n\t\t\t\t<div class=\"elementor-element elementor-element-7c27f89 elementor-widget__width-initial elementor-widget-tablet__width-inherit elementor-widget elementor-widget-freightexpress_core_section_title\" data-id=\"7c27f89\" data-element_type=\"widget\" data-widget_type=\"freightexpress_core_section_title.default\">\n\t\t\t\t<div class=\"elementor-widget-container\">\n\t\t\t\t\t<div class=\"qodef-shortcode qodef-m  qodef-section-title qodef-alignment--left  \">\n    \t\t    <p class=\"qodef-m-description\" style=\"margin-top: 24px\"> Choisissez E-Sol d'EveryPoint comme solution d'entreposage et de distribution et voyez comment nous pouvons vous aider \u00e0 d\u00e9velopper votre entreprise d\u00e8s aujourd'hui.\nQue vous soyez une entreprise mondiale \u00e0 la recherche d'une distribution en Am\u00e9rique du Nord, ou un petit fabricant \u00e0 la recherche d'un entrep\u00f4t \u00e0 l'autre bout de la ville, laissez les professionnels d'EveryPoint Logistics faire le travail pour vous, de la bonne fa\u00e7on. <\/p>\n    <\/div>\n\t\t\t\t<\/div>\n\t\t\t\t<\/div>\n\t\t\t\t<\/div>\n\t\t<div class=\"elementor-element elementor-element-152f27 e-con-full e-flex e-con e-parent\" data-id=\"152f27\" data-element_type=\"container\" data-settings=\"{&quot;background_background&quot;:&quot;classic&quot;}\">\n\t\t<div class=\"elementor-element elementor-element-1d46f814 e-con-full e-flex e-con e-child\" data-id=\"1d46f814\" data-element_type=\"container\">\n\t\t\t\t<div class=\"elementor-element elementor-element-98dc5d4 elementor-widget-tablet__width-initial elementor-widget elementor-widget-freightexpress_core_icon_with_text\" data-id=\"98dc5d4\" data-element_type=\"widget\" data-widget_type=\"freightexpress_core_icon_with_text.default\">\n\t\t\t\t<div class=\"elementor-widget-container\">\n\t\t\t\t\t<div class=\"qodef-shortcode qodef-m  qodef-icon-with-text qodef-layout--before-title qodef--svg-icon  \">\n\t<div class=\"qodef-m-content\">\n\t\t\t<h6 class=\"qodef-m-title\" style=\"margin-top: 0px\">\n\t\t\t\t\t<a itemprop=\"url\" href=\"\/fr\/land\/\" target=\"_self\">\n\t\t\t\t\t<span class=\"qodef-m-title-inner\">\n\t\t\t\t<span class=\"qodef-m-icon-wrapper\">\n\t\t\t\t\t    <span class=\"qodef-icon-holder\">\n\t\t<span class=\"qodef-m-svg\" >\n\t\t\t<svg xmlns=\"http:\/\/www.w3.org\/2000\/svg\" width=\"62.841\" height=\"62.812\"><path fill=\"#f94834\" d=\"M56.253 0H37.181L19.15 26.9V0H.002v18.478l18.4 9.313-18.4 9.313v18.7H19.15V28.163l18.031 27.641h19.072c-.223 0 0-18.7 0-18.7l-36.73-9.312 36.73-9.313Z\"><\/path><\/svg>\t\t<\/span>\n\t<\/span>\n\t\t\t\t<\/span>\n\t\t\t\t<span class=\"qodef-m-title-text\">\n\t\t\t\t\tTransports terrestres\t\t\t\t<\/span>\n\t\t\t<\/span>\n\t\t\t\t\t<\/a>\n\t\t\t<\/h6>\n\t\t\t<\/div>\n<\/div>\n\t\t\t\t<\/div>\n\t\t\t\t<\/div>\n\t\t\t\t<\/div>\n\t\t<div class=\"elementor-element elementor-element-1bca7cb e-con-full e-flex e-con e-child\" data-id=\"1bca7cb\" data-element_type=\"container\">\n\t\t\t\t<div class=\"elementor-element elementor-element-4bb635ba elementor-widget-mobile__width-inherit elementor-widget-tablet__width-initial elementor-widget elementor-widget-freightexpress_core_icon_with_text\" data-id=\"4bb635ba\" data-element_type=\"widget\" data-widget_type=\"freightexpress_core_icon_with_text.default\">\n\t\t\t\t<div class=\"elementor-widget-container\">\n\t\t\t\t\t<div class=\"qodef-shortcode qodef-m  qodef-icon-with-text qodef-layout--before-title qodef--svg-icon  \">\n\t<div class=\"qodef-m-content\">\n\t\t\t<h6 class=\"qodef-m-title\" style=\"margin-top: 0px\">\n\t\t\t\t\t<a itemprop=\"url\" href=\"\/fr\/air-ocean\/\" target=\"_self\">\n\t\t\t\t\t<span class=\"qodef-m-title-inner\">\n\t\t\t\t<span class=\"qodef-m-icon-wrapper\">\n\t\t\t\t\t    <span class=\"qodef-icon-holder\">\n\t\t<span class=\"qodef-m-svg\" >\n\t\t\t<svg xmlns=\"http:\/\/www.w3.org\/2000\/svg\" width=\"62.841\" height=\"62.812\"><g fill=\"#97262c\"><path d=\"M0 44.185h16.284v16.626L30.92 46.175v-15.77H13.779Z\"><\/path><path d=\"M0 13.779h16.284v16.626L30.92 15.769V-.001H13.779ZM30.921 13.779h16.284v16.626l14.636-14.636V-.001H44.7ZM30.921 44.185h16.284v16.626l14.636-14.636v-15.77H44.7Z\"><\/path><\/g><\/svg>\t\t<\/span>\n\t<\/span>\n\t\t\t\t<\/span>\n\t\t\t\t<span class=\"qodef-m-title-text\">\n\t\t\t\t\tFret a\u00e9rien et maritime\t\t\t\t<\/span>\n\t\t\t<\/span>\n\t\t\t\t\t<\/a>\n\t\t\t<\/h6>\n\t\t\t<\/div>\n<\/div>\n\t\t\t\t<\/div>\n\t\t\t\t<\/div>\n\t\t\t\t<\/div>\n\t\t<div class=\"elementor-element elementor-element-4b5f0fb8 e-con-full e-flex e-con e-child\" data-id=\"4b5f0fb8\" data-element_type=\"container\">\n\t\t\t\t<div class=\"elementor-element elementor-element-221128ec elementor-widget-mobile__width-inherit elementor-widget-tablet__width-initial elementor-widget elementor-widget-freightexpress_core_icon_with_text\" data-id=\"221128ec\" data-element_type=\"widget\" data-widget_type=\"freightexpress_core_icon_with_text.default\">\n\t\t\t\t<div class=\"elementor-widget-container\">\n\t\t\t\t\t<div class=\"qodef-shortcode qodef-m  qodef-icon-with-text qodef-layout--before-title qodef--svg-icon  \">\n\t<div class=\"qodef-m-content\">\n\t\t\t<h6 class=\"qodef-m-title\" style=\"margin-top: 0px\">\n\t\t\t\t\t<a itemprop=\"url\" href=\"\/fr\/land\/#warehousing\" target=\"_self\">\n\t\t\t\t\t<span class=\"qodef-m-title-inner\">\n\t\t\t\t<span class=\"qodef-m-icon-wrapper\">\n\t\t\t\t\t    <span class=\"qodef-icon-holder\">\n\t\t<span class=\"qodef-m-svg\" >\n\t\t\t<svg xmlns=\"http:\/\/www.w3.org\/2000\/svg\" width=\"66.501\" height=\"66.29\"><g fill=\"#f94834\"><path d=\"m42.188.001 6.506 17.875-8.938 3.253-6.505-17.875zM33.25 3.253l-6.506 17.875-8.937-3.253L24.313 0zM33.25 63.037l6.506-17.875 8.937 3.253-6.506 17.875zM24.313 66.29l-6.506-17.875 8.938-3.253 6.505 17.875zM48.515 17.959l17.986 6.193-3.097 8.993-17.985-6.193zM21.083 26.952 3.097 33.145.001 24.152l17.986-6.193zM45.418 39.338l17.986-6.193 3.096 8.993-17.986 6.193zM17.986 48.332 0 42.139l3.097-8.993 17.985 6.193z\"><\/path><\/g><\/svg>\t\t<\/span>\n\t<\/span>\n\t\t\t\t<\/span>\n\t\t\t\t<span class=\"qodef-m-title-text\">\n\t\t\t\t\tEntreposage et distribution\t\t\t\t<\/span>\n\t\t\t<\/span>\n\t\t\t\t\t<\/a>\n\t\t\t<\/h6>\n\t\t\t<\/div>\n<\/div>\n\t\t\t\t<\/div>\n\t\t\t\t<\/div>\n\t\t\t\t<\/div>\n\t\t<div class=\"elementor-element elementor-element-5018b5b9 e-con-full e-flex e-con e-child\" data-id=\"5018b5b9\" data-element_type=\"container\">\n\t\t\t\t<div class=\"elementor-element elementor-element-2a3703f4 elementor-widget-mobile__width-inherit elementor-widget-tablet__width-initial elementor-widget elementor-widget-freightexpress_core_icon_with_text\" data-id=\"2a3703f4\" data-element_type=\"widget\" data-widget_type=\"freightexpress_core_icon_with_text.default\">\n\t\t\t\t<div class=\"elementor-widget-container\">\n\t\t\t\t\t<div class=\"qodef-shortcode qodef-m  qodef-icon-with-text qodef-layout--before-title qodef--svg-icon  \">\n\t<div class=\"qodef-m-content\">\n\t\t\t<h6 class=\"qodef-m-title\" style=\"margin-top: 0px\">\n\t\t\t\t\t<a itemprop=\"url\" href=\"\/e-sol\/\" target=\"_self\">\n\t\t\t\t\t<span class=\"qodef-m-title-inner\">\n\t\t\t\t<span class=\"qodef-m-icon-wrapper\">\n\t\t\t\t\t    <span class=\"qodef-icon-holder\">\n\t\t<span class=\"qodef-m-svg\" >\n\t\t\t<svg xmlns=\"http:\/\/www.w3.org\/2000\/svg\" width=\"60.855\" height=\"66\"><g fill=\"#f94834\"><path d=\"M40.891 10.464H19.963V0h20.928z\"><\/path><path d=\"M51.981 28.133 40.889 10.386l8.874-5.546 11.091 17.747zM0 22.588 11.092 4.841l8.873 5.546L8.873 28.134z\"><\/path><path d=\"M60.855 33.678 49.763 51.425l-8.873-5.546 11.092-17.747zM8.874 28.133 19.966 45.88l-8.874 5.546L.001 33.679zM40.891 56.758H19.963V46.294h20.928z\"><\/path><\/g><\/svg>\t\t<\/span>\n\t<\/span>\n\t\t\t\t<\/span>\n\t\t\t\t<span class=\"qodef-m-title-text\">\n\t\t\t\t\tGestion du fret en ligne E-Sol\t\t\t\t<\/span>\n\t\t\t<\/span>\n\t\t\t\t\t<\/a>\n\t\t\t<\/h6>\n\t\t\t<\/div>\n<\/div>\n\t\t\t\t<\/div>\n\t\t\t\t<\/div>\n\t\t\t\t<\/div>\n\t\t\t\t<\/div>\n\t\t\t\t<\/div>\n\t\t","protected":false},"excerpt":{"rendered":"<p>Le syst\u00e8me de gestion du fret en ligne d&rsquo;EveryPoint E-Sol est un syst\u00e8me automatis\u00e9 de gestion du fret bas\u00e9 sur le Web, con\u00e7u pour vous faire gagner du temps et de l&rsquo;argent en r\u00e9duisant vos proc\u00e9dures de commande et d&rsquo;administration pour vos activit\u00e9s d&rsquo;entreposage et de r\u00e9seau de distribution. EveryPoint Logistics Solutions travaille avec des [&hellip;]<\/p>\n","protected":false},"author":2,"featured_media":0,"parent":0,"menu_order":0,"comment_status":"closed","ping_status":"closed","template":"page-full-width.php","meta":{"footnotes":""},"class_list":["post-7619","page","type-page","status-publish","hentry"],"_links":{"self":[{"href":"https:\/\/everypoint.ca\/fr\/wp-json\/wp\/v2\/pages\/7619","targetHints":{"allow":["GET"]}}],"collection":[{"href":"https:\/\/everypoint.ca\/fr\/wp-json\/wp\/v2\/pages"}],"about":[{"href":"https:\/\/everypoint.ca\/fr\/wp-json\/wp\/v2\/types\/page"}],"author":[{"embeddable":true,"href":"https:\/\/everypoint.ca\/fr\/wp-json\/wp\/v2\/users\/2"}],"replies":[{"embeddable":true,"href":"https:\/\/everypoint.ca\/fr\/wp-json\/wp\/v2\/comments?post=7619"}],"version-history":[{"count":6,"href":"https:\/\/everypoint.ca\/fr\/wp-json\/wp\/v2\/pages\/7619\/revisions"}],"predecessor-version":[{"id":8005,"href":"https:\/\/everypoint.ca\/fr\/wp-json\/wp\/v2\/pages\/7619\/revisions\/8005"}],"wp:attachment":[{"href":"https:\/\/everypoint.ca\/fr\/wp-json\/wp\/v2\/media?parent=7619"}],"curies":[{"name":"wp","href":"https:\/\/api.w.org\/{rel}","templated":true}]}}