{"id":7620,"date":"2024-09-04T06:32:01","date_gmt":"2024-09-04T10:32:01","guid":{"rendered":"https:\/\/everypoint.ca\/wordpress\/documents\/"},"modified":"2025-01-09T13:18:03","modified_gmt":"2025-01-09T18:18:03","slug":"documents","status":"publish","type":"page","link":"https:\/\/everypoint.ca\/fr\/documents\/","title":{"rendered":"Documents"},"content":{"rendered":"\t\t<div data-elementor-type=\"wp-page\" data-elementor-id=\"7620\" class=\"elementor elementor-7620 elementor-7046\">\n\t\t\t\t<div class=\"elementor-element elementor-element-c4275a9 e-con-full e-flex e-con e-parent\" data-id=\"c4275a9\" data-element_type=\"container\">\n\t\t<div class=\"elementor-element elementor-element-6ab7a9d e-con-full qodef-elementor-content-grid qodef-extended-grid qodef-extended-grid--right e-flex e-con e-child\" data-id=\"6ab7a9d\" data-element_type=\"container\">\n\t\t<div class=\"elementor-element elementor-element-72897df e-con-full e-flex e-con e-child\" data-id=\"72897df\" data-element_type=\"container\">\n\t\t\t\t<div class=\"elementor-element elementor-element-086ee42 elementor-widget elementor-widget-freightexpress_core_section_title\" data-id=\"086ee42\" data-element_type=\"widget\" data-widget_type=\"freightexpress_core_section_title.default\">\n\t\t\t\t<div class=\"elementor-widget-container\">\n\t\t\t\t\t<div class=\"qodef-shortcode qodef-m  qodef-section-title qodef-alignment--left  \">\n    \t\t<h2 class=\"qodef-m-title\" >\n\t\t\tDocuments relatifs aux services essentiels\t<\/h2>\n\t    <\/div>\n\t\t\t\t<\/div>\n\t\t\t\t<\/div>\n\t\t<div class=\"elementor-element elementor-element-bdbcb78 e-con-full e-flex e-con e-child\" data-id=\"bdbcb78\" data-element_type=\"container\">\n\t\t<div class=\"elementor-element elementor-element-e465aaa e-con-full e-flex e-con e-child\" data-id=\"e465aaa\" data-element_type=\"container\">\n\t\t\t\t<div class=\"elementor-element elementor-element-72c0ca5 elementor-widget__width-initial elementor-widget elementor-widget-freightexpress_core_number_with_text\" data-id=\"72c0ca5\" data-element_type=\"widget\" data-widget_type=\"freightexpress_core_number_with_text.default\">\n\t\t\t\t<div class=\"elementor-widget-container\">\n\t\t\t\t\t<div class=\"qodef-shortcode qodef-m  qodef-number-with-text qodef-layout--simple \">\n\t<div class=\"qodef-m-content\">\n\t\t\t\t\t<p class=\"qodef-m-text\" >Acc\u00e9dez \u00e0 des documents essentiels pour rationaliser votre processus d&#039;exp\u00e9dition, notamment des accords de service, des formulaires d&#039;exp\u00e9dition et des lignes directrices.  <\/p>\n\t<\/div>\n<\/div>\n\t\t\t\t<\/div>\n\t\t\t\t<\/div>\n\t\t\t\t<\/div>\n\t\t\t\t<\/div>\n\t\t\t\t<\/div>\n\t\t<div class=\"elementor-element elementor-element-7852e7a e-con-full e-flex e-con e-child\" data-id=\"7852e7a\" data-element_type=\"container\">\n\t\t\t\t<div class=\"elementor-element elementor-element-5a01171 elementor-widget elementor-widget-freightexpress_core_single_image\" data-id=\"5a01171\" data-element_type=\"widget\" data-widget_type=\"freightexpress_core_single_image.default\">\n\t\t\t\t<div class=\"elementor-widget-container\">\n\t\t\t\t\t<div class=\"qodef-shortcode qodef-m  qodef-single-image qodef-layout--default    qodef--has-appear qodef-appear--reveal\"   >\n\t\t\t<div class=\"qodef-m-image\">\n\t\t\t\t\t\t\t\t<img fetchpriority=\"high\" decoding=\"async\" width=\"800\" height=\"500\" src=\"https:\/\/everypoint.ca\/wp-content\/uploads\/2024\/09\/h3-img-34.png\" class=\"attachment-full size-full\" alt=\"\" srcset=\"https:\/\/everypoint.ca\/wp-content\/uploads\/2024\/09\/h3-img-34.png 800w, https:\/\/everypoint.ca\/wp-content\/uploads\/2024\/09\/h3-img-34-300x188.png 300w, https:\/\/everypoint.ca\/wp-content\/uploads\/2024\/09\/h3-img-34-768x480.png 768w\" sizes=\"(max-width: 800px) 100vw, 800px\" \/>\t\t\t\t\t\t\t<\/div>\n\t<\/div>\n\t\t\t\t<\/div>\n\t\t\t\t<\/div>\n\t\t\t\t<\/div>\n\t\t\t\t<\/div>\n\t\t\t\t<\/div>\n\t\t<div class=\"elementor-element elementor-element-7e02106 e-flex e-con-boxed e-con e-parent\" data-id=\"7e02106\" data-element_type=\"container\" data-settings=\"{&quot;background_background&quot;:&quot;classic&quot;}\">\n\t\t\t\t\t<div class=\"e-con-inner\">\n\t\t<div class=\"elementor-element elementor-element-751d4d2 e-con-full e-flex e-con e-child\" data-id=\"751d4d2\" data-element_type=\"container\">\n\t\t\t\t<div class=\"elementor-element elementor-element-cec38e0 elementor-widget__width-initial elementor-widget elementor-widget-freightexpress_core_custom_list\" data-id=\"cec38e0\" data-element_type=\"widget\" data-widget_type=\"freightexpress_core_custom_list.default\">\n\t\t\t\t<div class=\"elementor-widget-container\">\n\t\t\t\t\t<div class=\"qodef-shortcode qodef-m  qodef-custom-list\">\n\t<div class=\"qodef-custom-list-title\">\n\t\t\t<h5 class=\"qodef-m-title\" >\n\t\tSolutions Logistiques EveryPoint\t<\/h5>\n\t<svg class=\"qodef-svg--decoration-arrow\" xmlns=\"http:\/\/www.w3.org\/2000\/svg\" width=\"42.382\" height=\"42.382\" viewBox=\"0 0 42.382 42.382\"><path d=\"M-4872.334,1913.807l16.589-1.028-.673,17.278,14.3-14.3-1.1-14.386-15.648-1.026Z\" transform=\"translate(4810.017 2101.518) rotate(45)\" fill=\"#f94834\"\/><\/svg>\t<\/div>\n\t<div class=\"qodef-custom-list-items\">\n\t\t\t\t\t\t\t<div class=\"qodef-custom-list-item\">\n\t\t\t\t\t<a href=\"https:\/\/everypoint.ca\/wp-content\/uploads\/2024\/09\/credit-app-en.pdf\" target=\"_self\">\n\t\t\t\t\t\t<span class=\"qodef-m-text\">Demande de cr\u00e9dit<\/span>\n\t\t\t\t\t<\/a>\n\t\t\t<\/div>\n\t\t\t\t\t\t\t\t<div class=\"qodef-custom-list-item\">\n\t\t\t\t\t<a href=\"https:\/\/everypoint.ca\/wp-content\/uploads\/2024\/09\/fmcsa-license.pdf\" target=\"_blank\">\n\t\t\t\t\t\t<span class=\"qodef-m-text\">Licence FMCSA<\/span>\n\t\t\t\t\t<\/a>\n\t\t\t<\/div>\n\t\t\t\t\t\t\t\t<div class=\"qodef-custom-list-item\">\n\t\t\t\t\t<a href=\"https:\/\/everypoint.ca\/wp-content\/uploads\/2024\/09\/insurance.pdf\" target=\"_blank\">\n\t\t\t\t\t\t<span class=\"qodef-m-text\">Assurance<\/span>\n\t\t\t\t\t<\/a>\n\t\t\t<\/div>\n\t\t\t\t\t\t\t\t<div class=\"qodef-custom-list-item\">\n\t\t\t\t\t<a href=\"https:\/\/everypoint.ca\/wp-content\/uploads\/2024\/09\/trust-fund-agreement-bmc-85.pdf\" target=\"_blank\">\n\t\t\t\t\t\t<span class=\"qodef-m-text\">Accord de fonds fiduciaire BMC-85<\/span>\n\t\t\t\t\t<\/a>\n\t\t\t<\/div>\n\t\t\t\t\t\t\t\t<div class=\"qodef-custom-list-item\">\n\t\t\t\t\t<a href=\"https:\/\/everypoint.ca\/wp-content\/uploads\/2024\/09\/ancillary-charges.pdf\" target=\"_blank\">\n\t\t\t\t\t\t<span class=\"qodef-m-text\">Frais annexes<\/span>\n\t\t\t\t\t<\/a>\n\t\t\t<\/div>\n\t\t\t\t\t\t\t\t<div class=\"qodef-custom-list-item\">\n\t\t\t\t\t<a href=\"https:\/\/everypoint.ca\/wp-content\/uploads\/2025\/01\/fw8bene.pdf\" target=\"_blank\">\n\t\t\t\t\t\t<span class=\"qodef-m-text\">W-8BEN-E<\/span>\n\t\t\t\t\t<\/a>\n\t\t\t<\/div>\n\t\t\t\t<\/div>\n<\/div>\n\t\t\t\t<\/div>\n\t\t\t\t<\/div>\n\t\t\t\t<div class=\"elementor-element elementor-element-9acf5d3 elementor-widget__width-initial elementor-widget elementor-widget-freightexpress_core_custom_list\" data-id=\"9acf5d3\" data-element_type=\"widget\" data-widget_type=\"freightexpress_core_custom_list.default\">\n\t\t\t\t<div class=\"elementor-widget-container\">\n\t\t\t\t\t<div class=\"qodef-shortcode qodef-m  qodef-custom-list\">\n\t<div class=\"qodef-custom-list-title\">\n\t\t\t<h5 class=\"qodef-m-title\" >\n\t\tLogistiques EveryPoint Hudson\t<\/h5>\n\t<svg class=\"qodef-svg--decoration-arrow\" xmlns=\"http:\/\/www.w3.org\/2000\/svg\" width=\"42.382\" height=\"42.382\" viewBox=\"0 0 42.382 42.382\"><path d=\"M-4872.334,1913.807l16.589-1.028-.673,17.278,14.3-14.3-1.1-14.386-15.648-1.026Z\" transform=\"translate(4810.017 2101.518) rotate(45)\" fill=\"#f94834\"\/><\/svg>\t<\/div>\n\t<div class=\"qodef-custom-list-items\">\n\t\t\t\t\t\t\t<div class=\"qodef-custom-list-item\">\n\t\t\t\t\t<a href=\"https:\/\/everypoint.ca\/wp-content\/uploads\/2024\/09\/hudson-credit-app-en.pdf\" target=\"_self\">\n\t\t\t\t\t\t<span class=\"qodef-m-text\">Demande de cr\u00e9dit<\/span>\n\t\t\t\t\t<\/a>\n\t\t\t<\/div>\n\t\t\t\t\t\t\t\t<div class=\"qodef-custom-list-item\">\n\t\t\t\t\t<a href=\"https:\/\/everypoint.ca\/wp-content\/uploads\/2024\/09\/hudson-fmcsa-license.pdf\" target=\"_self\">\n\t\t\t\t\t\t<span class=\"qodef-m-text\">Licence FMCSA<\/span>\n\t\t\t\t\t<\/a>\n\t\t\t<\/div>\n\t\t\t\t\t\t\t\t<div class=\"qodef-custom-list-item\">\n\t\t\t\t\t<a href=\"https:\/\/everypoint.ca\/wp-content\/uploads\/2024\/09\/hudson-insurance.pdf\" target=\"_blank\">\n\t\t\t\t\t\t<span class=\"qodef-m-text\">Assurance<\/span>\n\t\t\t\t\t<\/a>\n\t\t\t<\/div>\n\t\t\t\t\t\t\t\t<div class=\"qodef-custom-list-item\">\n\t\t\t\t\t<a href=\"https:\/\/everypoint.ca\/wp-content\/uploads\/2024\/09\/hudson-trust-fund-agreement-bmc-85.pdf\" target=\"_self\">\n\t\t\t\t\t\t<span class=\"qodef-m-text\">Accord de fonds fiduciaire BMC-85<\/span>\n\t\t\t\t\t<\/a>\n\t\t\t<\/div>\n\t\t\t\t\t\t\t\t<div class=\"qodef-custom-list-item\">\n\t\t\t\t\t<a href=\"https:\/\/everypoint.ca\/wp-content\/uploads\/2024\/09\/hudson-ancillary-charges.pdf\" target=\"_self\">\n\t\t\t\t\t\t<span class=\"qodef-m-text\">Frais annexes<\/span>\n\t\t\t\t\t<\/a>\n\t\t\t<\/div>\n\t\t\t\t\t\t\t\t<div class=\"qodef-custom-list-item\">\n\t\t\t\t\t<a href=\"https:\/\/everypoint.ca\/wp-content\/uploads\/2024\/09\/hudson-w8ben-e.pdf\" target=\"_blank\">\n\t\t\t\t\t\t<span class=\"qodef-m-text\">W-8BEN-E<\/span>\n\t\t\t\t\t<\/a>\n\t\t\t<\/div>\n\t\t\t\t<\/div>\n<\/div>\n\t\t\t\t<\/div>\n\t\t\t\t<\/div>\n\t\t\t\t<\/div>\n\t\t<div class=\"elementor-element elementor-element-4486cf3 e-con-full e-flex e-con e-child\" data-id=\"4486cf3\" data-element_type=\"container\">\n\t\t\t\t<div class=\"elementor-element elementor-element-be9ec09 elementor-widget__width-initial elementor-widget elementor-widget-freightexpress_core_custom_list\" data-id=\"be9ec09\" data-element_type=\"widget\" data-widget_type=\"freightexpress_core_custom_list.default\">\n\t\t\t\t<div class=\"elementor-widget-container\">\n\t\t\t\t\t<div class=\"qodef-shortcode qodef-m  qodef-custom-list\">\n\t<div class=\"qodef-custom-list-title\">\n\t\t\t<h5 class=\"qodef-m-title\" >\n\t\tDocuments utiles\t<\/h5>\n\t<svg class=\"qodef-svg--decoration-arrow\" xmlns=\"http:\/\/www.w3.org\/2000\/svg\" width=\"42.382\" height=\"42.382\" viewBox=\"0 0 42.382 42.382\"><path d=\"M-4872.334,1913.807l16.589-1.028-.673,17.278,14.3-14.3-1.1-14.386-15.648-1.026Z\" transform=\"translate(4810.017 2101.518) rotate(45)\" fill=\"#f94834\"\/><\/svg>\t<\/div>\n\t<div class=\"qodef-custom-list-items\">\n\t\t\t\t\t\t\t<div class=\"qodef-custom-list-item\">\n\t\t\t\t\t<a href=\"https:\/\/everypoint.ca\/wp-content\/uploads\/2024\/09\/blank-bol.pdf\" target=\"_self\">\n\t\t\t\t\t\t<span class=\"qodef-m-text\">Lettre de voiture vierge (BOL)<\/span>\n\t\t\t\t\t<\/a>\n\t\t\t<\/div>\n\t\t\t\t\t\t\t\t<div class=\"qodef-custom-list-item\">\n\t\t\t\t\t<a href=\"https:\/\/everypoint.ca\/wp-content\/uploads\/2024\/09\/canada-customs-invoice.pdf\" target=\"_blank\">\n\t\t\t\t\t\t<span class=\"qodef-m-text\">Facture des douanes canadiennes<\/span>\n\t\t\t\t\t<\/a>\n\t\t\t<\/div>\n\t\t\t\t\t\t\t\t<div class=\"qodef-custom-list-item\">\n\t\t\t\t\t<a href=\"https:\/\/everypoint.ca\/wp-content\/uploads\/2024\/09\/nafta-certificate-of-origin.pdf\" target=\"_blank\">\n\t\t\t\t\t\t<span class=\"qodef-m-text\">Certificat d&#039;origine ALENA<\/span>\n\t\t\t\t\t<\/a>\n\t\t\t<\/div>\n\t\t\t\t\t\t\t\t<div class=\"qodef-custom-list-item\">\n\t\t\t\t\t<a href=\"https:\/\/everypoint.ca\/wp-content\/uploads\/2024\/09\/export-declaration-b13a.pdf\" target=\"_blank\">\n\t\t\t\t\t\t<span class=\"qodef-m-text\">D\u00e9claration d&#039;exportation B13A<\/span>\n\t\t\t\t\t<\/a>\n\t\t\t<\/div>\n\t\t\t\t\t\t\t\t<div class=\"qodef-custom-list-item\">\n\t\t\t\t\t<a href=\"https:\/\/everypoint.ca\/wp-content\/uploads\/2024\/09\/us-customs-invoice.pdf\" target=\"_blank\">\n\t\t\t\t\t\t<span class=\"qodef-m-text\">Facture des douanes am\u00e9ricaines<\/span>\n\t\t\t\t\t<\/a>\n\t\t\t<\/div>\n\t\t\t\t\t\t\t\t<div class=\"qodef-custom-list-item\">\n\t\t\t\t\t<a href=\"https:\/\/everypoint.ca\/wp-content\/uploads\/2024\/09\/smartway-certificate.pdf\" target=\"_blank\">\n\t\t\t\t\t\t<span class=\"qodef-m-text\">Certificat SmartWay<\/span>\n\t\t\t\t\t<\/a>\n\t\t\t<\/div>\n\t\t\t\t<\/div>\n<\/div>\n\t\t\t\t<\/div>\n\t\t\t\t<\/div>\n\t\t\t\t<\/div>\n\t\t\t\t\t<\/div>\n\t\t\t\t<\/div>\n\t\t\t\t<\/div>\n\t\t","protected":false},"excerpt":{"rendered":"<p>Documents relatifs aux services essentiels Acc\u00e9dez \u00e0 des documents essentiels pour rationaliser votre processus d&#039;exp\u00e9dition, notamment des accords de service, des formulaires d&#039;exp\u00e9dition et des lignes directrices. Solutions Logistiques EveryPoint Demande de cr\u00e9dit Licence FMCSA Assurance Accord de fonds fiduciaire BMC-85 Frais annexes W-8BEN-E Logistiques EveryPoint Hudson Demande de cr\u00e9dit Licence FMCSA Assurance Accord de [&hellip;]<\/p>\n","protected":false},"author":2,"featured_media":0,"parent":0,"menu_order":0,"comment_status":"closed","ping_status":"closed","template":"page-full-width.php","meta":{"footnotes":""},"class_list":["post-7620","page","type-page","status-publish","hentry"],"_links":{"self":[{"href":"https:\/\/everypoint.ca\/fr\/wp-json\/wp\/v2\/pages\/7620","targetHints":{"allow":["GET"]}}],"collection":[{"href":"https:\/\/everypoint.ca\/fr\/wp-json\/wp\/v2\/pages"}],"about":[{"href":"https:\/\/everypoint.ca\/fr\/wp-json\/wp\/v2\/types\/page"}],"author":[{"embeddable":true,"href":"https:\/\/everypoint.ca\/fr\/wp-json\/wp\/v2\/users\/2"}],"replies":[{"embeddable":true,"href":"https:\/\/everypoint.ca\/fr\/wp-json\/wp\/v2\/comments?post=7620"}],"version-history":[{"count":15,"href":"https:\/\/everypoint.ca\/fr\/wp-json\/wp\/v2\/pages\/7620\/revisions"}],"predecessor-version":[{"id":8155,"href":"https:\/\/everypoint.ca\/fr\/wp-json\/wp\/v2\/pages\/7620\/revisions\/8155"}],"wp:attachment":[{"href":"https:\/\/everypoint.ca\/fr\/wp-json\/wp\/v2\/media?parent=7620"}],"curies":[{"name":"wp","href":"https:\/\/api.w.org\/{rel}","templated":true}]}}