{"id":7626,"date":"2024-04-29T13:12:06","date_gmt":"2024-04-29T17:12:06","guid":{"rendered":"https:\/\/everypoint.ca\/wordpress\/carrieres\/"},"modified":"2024-09-15T08:45:22","modified_gmt":"2024-09-15T12:45:22","slug":"carrieres","status":"publish","type":"page","link":"https:\/\/everypoint.ca\/fr\/carrieres\/","title":{"rendered":"Carri\u00e8res"},"content":{"rendered":"\t\t<div data-elementor-type=\"wp-page\" data-elementor-id=\"7626\" class=\"elementor elementor-7626 elementor-1398\">\n\t\t\t\t<div class=\"elementor-element elementor-element-21bdabe e-con-full qodef-elementor-content-grid e-flex e-con e-parent\" data-id=\"21bdabe\" data-element_type=\"container\">\n\t\t\t\t<div class=\"elementor-element elementor-element-5aaf6b6 elementor-widget__width-initial elementor-widget-tablet__width-inherit elementor-widget elementor-widget-freightexpress_core_section_title\" data-id=\"5aaf6b6\" data-element_type=\"widget\" data-widget_type=\"freightexpress_core_section_title.default\">\n\t\t\t\t<div class=\"elementor-widget-container\">\n\t\t\t\t\t<div class=\"qodef-shortcode qodef-m  qodef-section-title qodef-alignment--left  \">\n    \t\t<h3 class=\"qodef-m-title\" >\n\t\t\tRejoignez une \u00e9quipe gagnante\t<\/h3>\n\t    <p class=\"qodef-m-description\" style=\"margin-top: 24px\"> \u00cates-vous pr\u00eat \u00e0 lib\u00e9rer votre plein potentiel et \u00e0 \u00e9voluer au sein d'une entreprise qui s'engage \u00e0 votre r\u00e9ussite ?\nChez EveryPoint, une carri\u00e8re dans la vente signifie des opportunit\u00e9s de gains illimit\u00e9es, des commissions plus importantes et la possibilit\u00e9 de s'\u00e9panouir dans un environnement rapide et orient\u00e9 vers la croissance avec des personnes dynamiques comme vous. <\/p>\n    <\/div>\n\t\t\t\t<\/div>\n\t\t\t\t<\/div>\n\t\t\t\t<\/div>\n\t\t<div class=\"elementor-element elementor-element-1c0dbab e-con-full qodef-elementor-content-grid qodef-extended-grid qodef-extended-grid--left e-flex e-con e-parent\" data-id=\"1c0dbab\" data-element_type=\"container\">\n\t\t<div class=\"elementor-element elementor-element-3bef625 e-con-full e-flex e-con e-child\" data-id=\"3bef625\" data-element_type=\"container\">\n\t\t\t\t<div class=\"elementor-element elementor-element-abd0e03 elementor-widget elementor-widget-freightexpress_core_single_image\" data-id=\"abd0e03\" data-element_type=\"widget\" data-widget_type=\"freightexpress_core_single_image.default\">\n\t\t\t\t<div class=\"elementor-widget-container\">\n\t\t\t\t\t<div class=\"qodef-shortcode qodef-m  qodef-single-image qodef-layout--default    qodef--has-appear qodef-appear--reveal\"   >\n\t\t\t<div class=\"qodef-m-image\">\n\t\t\t\t\t\t\t\t<img fetchpriority=\"high\" decoding=\"async\" width=\"898\" height=\"426\" src=\"https:\/\/everypoint.ca\/wp-content\/uploads\/2024\/08\/p2-single-img-1.png\" class=\"attachment-full size-full\" alt=\"\" srcset=\"https:\/\/everypoint.ca\/wp-content\/uploads\/2024\/08\/p2-single-img-1.png 898w, https:\/\/everypoint.ca\/wp-content\/uploads\/2024\/08\/p2-single-img-1-300x142.png 300w, https:\/\/everypoint.ca\/wp-content\/uploads\/2024\/08\/p2-single-img-1-768x364.png 768w\" sizes=\"(max-width: 898px) 100vw, 898px\" \/>\t\t\t\t\t\t\t<\/div>\n\t<\/div>\n\t\t\t\t<\/div>\n\t\t\t\t<\/div>\n\t\t\t\t<\/div>\n\t\t<div class=\"elementor-element elementor-element-9d65be1 e-con-full e-flex e-con e-child\" data-id=\"9d65be1\" data-element_type=\"container\">\n\t\t\t\t<div class=\"elementor-element elementor-element-7ab4349 elementor-widget elementor-widget-freightexpress_core_section_title\" data-id=\"7ab4349\" data-element_type=\"widget\" data-widget_type=\"freightexpress_core_section_title.default\">\n\t\t\t\t<div class=\"elementor-widget-container\">\n\t\t\t\t\t<div class=\"qodef-shortcode qodef-m  qodef-section-title qodef-alignment--left  \">\n    \t\t<h3 class=\"qodef-m-title\" >\n\t\t\tVotre chemin<br \/> commence ici\t<\/h3>\n\t    <\/div>\n\t\t\t\t<\/div>\n\t\t\t\t<\/div>\n\t\t<div class=\"elementor-element elementor-element-4da7e75 e-con-full e-flex e-con e-child\" data-id=\"4da7e75\" data-element_type=\"container\">\n\t\t<div class=\"elementor-element elementor-element-5335cec e-con-full e-flex e-con e-child\" data-id=\"5335cec\" data-element_type=\"container\">\n\t\t\t\t<div class=\"elementor-element elementor-element-e27ff7f elementor-widget elementor-widget-text-editor\" data-id=\"e27ff7f\" data-element_type=\"widget\" data-widget_type=\"text-editor.default\">\n\t\t\t\t<div class=\"elementor-widget-container\">\n\t\t\t\t\t\t\t\t\t<ul class=\"qodef-custom-list-one-columns\">\n<li>R\u00e9alisez votre plein potentiel<\/li>\n<li>Environnement de travail dynamique<\/li>\n<li>Atmosph\u00e8re de soutien<\/li>\n<\/ul>\n\t\t\t\t\t\t\t\t<\/div>\n\t\t\t\t<\/div>\n\t\t\t\t<\/div>\n\t\t<div class=\"elementor-element elementor-element-4c9e63f e-con-full e-flex e-con e-child\" data-id=\"4c9e63f\" data-element_type=\"container\">\n\t\t\t\t<div class=\"elementor-element elementor-element-a0aac41 elementor-widget elementor-widget-text-editor\" data-id=\"a0aac41\" data-element_type=\"widget\" data-widget_type=\"text-editor.default\">\n\t\t\t\t<div class=\"elementor-widget-container\">\n\t\t\t\t\t\t\t\t\t<ul class=\"qodef-custom-list-one-columns\">\n<li>Incitations \u00e0 la performance<\/li>\n<li>Une approche centr\u00e9e sur le client<\/li>\n<li>Un travail qui a de l&rsquo;impact<\/li>\n<\/ul>\n\t\t\t\t\t\t\t\t<\/div>\n\t\t\t\t<\/div>\n\t\t\t\t<\/div>\n\t\t\t\t<\/div>\n\t\t\t\t<div class=\"elementor-element elementor-element-7d90392 elementor-widget elementor-widget-freightexpress_core_button\" data-id=\"7d90392\" data-element_type=\"widget\" data-widget_type=\"freightexpress_core_button.default\">\n\t\t\t\t<div class=\"elementor-widget-container\">\n\t\t\t\t\t<a class=\"qodef-shortcode qodef-m  qodef-button qodef-layout--filled qodef-show-button-arrow--yes  qodef-html--link\" href=\"\/contact-us\/\" target=\"_self\" >\n\t<span class=\"qodef-m-text\" data-title=\"Postulez aujourd&#039;hui\">Postulez aujourd&#039;hui<\/span>\n            <span class=\"qodef-btn-arrow\"><svg class=\"qodef-svg--button-arrow-standard\" xmlns=\"http:\/\/www.w3.org\/2000\/svg\" width=\"18.476\" height=\"18.044\" viewBox=\"0 0 18.476 18.044\"><g transform=\"translate(9.007 0.992) rotate(45)\"><path d=\"M0,11.312,11.377,0\" transform=\"translate(0 0.011)\" fill=\"none\" stroke=\"currentColor\" stroke-width=\"2\"\/><path d=\"M8.466,8.661V0H0\" transform=\"translate(2.925 0)\" fill=\"none\" stroke=\"currentColor\" stroke-width=\"2\"\/><\/g><\/svg><\/span>\n    <\/a>\n\t\t\t\t<\/div>\n\t\t\t\t<\/div>\n\t\t\t\t<\/div>\n\t\t\t\t<\/div>\n\t\t<div class=\"elementor-element elementor-element-be4ccf2 e-con-full qodef-elementor-content-grid e-flex e-con e-parent\" data-id=\"be4ccf2\" data-element_type=\"container\">\n\t\t\t\t<div class=\"elementor-element elementor-element-c4cd456 elementor-widget__width-initial elementor-widget-tablet__width-inherit elementor-widget elementor-widget-freightexpress_core_section_title\" data-id=\"c4cd456\" data-element_type=\"widget\" data-widget_type=\"freightexpress_core_section_title.default\">\n\t\t\t\t<div class=\"elementor-widget-container\">\n\t\t\t\t\t<div class=\"qodef-shortcode qodef-m  qodef-section-title qodef-alignment--left  \">\n    \t\t    <p class=\"qodef-m-description\" style=\"margin-top: 24px\"> Nous favorisons un lieu de travail inclusif o\u00f9 chacun peut donner le meilleur de lui-m\u00eame.\nAlors que nous continuons \u00e0 d\u00e9velopper nos \u00e9quipes de vente, de service \u00e0 la client\u00e8le et d'exploitation, nous vous invitons \u00e0 explorer les opportunit\u00e9s de carri\u00e8re passionnantes qui s'offrent \u00e0 vous. <\/p>\n    <\/div>\n\t\t\t\t<\/div>\n\t\t\t\t<\/div>\n\t\t\t\t<div class=\"elementor-element elementor-element-071ebde elementor-widget__width-initial elementor-widget-tablet__width-inherit elementor-widget elementor-widget-text-editor\" data-id=\"071ebde\" data-element_type=\"widget\" data-widget_type=\"text-editor.default\">\n\t\t\t\t<div class=\"elementor-widget-container\">\n\t\t\t\t\t\t\t\t\t<div id=\"mainwrapper\">\n<div class=\"center\">\n<div class=\"maincontent-full\">\n<p>Solutions Logistiques EveryPoint Inc. est un employeur qui souscrit au principe de l&rsquo;\u00e9galit\u00e9 des chances.<\/p>\n<\/div>\n<\/div>\n<div class=\"clear\"> <\/div>\n<\/div>\n\t\t\t\t\t\t\t\t<\/div>\n\t\t\t\t<\/div>\n\t\t\t\t<\/div>\n\t\t\t\t<\/div>\n\t\t","protected":false},"excerpt":{"rendered":"<p>Rejoignez une \u00e9quipe gagnante \u00cates-vous pr\u00eat \u00e0 lib\u00e9rer votre plein potentiel et \u00e0 \u00e9voluer au sein d&rsquo;une entreprise qui s&rsquo;engage \u00e0 votre r\u00e9ussite ? Chez EveryPoint, une carri\u00e8re dans la vente signifie des opportunit\u00e9s de gains illimit\u00e9es, des commissions plus importantes et la possibilit\u00e9 de s&rsquo;\u00e9panouir dans un environnement rapide et orient\u00e9 vers la croissance [&hellip;]<\/p>\n","protected":false},"author":2,"featured_media":0,"parent":0,"menu_order":0,"comment_status":"closed","ping_status":"closed","template":"page-full-width.php","meta":{"footnotes":""},"class_list":["post-7626","page","type-page","status-publish","hentry"],"_links":{"self":[{"href":"https:\/\/everypoint.ca\/fr\/wp-json\/wp\/v2\/pages\/7626","targetHints":{"allow":["GET"]}}],"collection":[{"href":"https:\/\/everypoint.ca\/fr\/wp-json\/wp\/v2\/pages"}],"about":[{"href":"https:\/\/everypoint.ca\/fr\/wp-json\/wp\/v2\/types\/page"}],"author":[{"embeddable":true,"href":"https:\/\/everypoint.ca\/fr\/wp-json\/wp\/v2\/users\/2"}],"replies":[{"embeddable":true,"href":"https:\/\/everypoint.ca\/fr\/wp-json\/wp\/v2\/comments?post=7626"}],"version-history":[{"count":0,"href":"https:\/\/everypoint.ca\/fr\/wp-json\/wp\/v2\/pages\/7626\/revisions"}],"wp:attachment":[{"href":"https:\/\/everypoint.ca\/fr\/wp-json\/wp\/v2\/media?parent=7626"}],"curies":[{"name":"wp","href":"https:\/\/api.w.org\/{rel}","templated":true}]}}