{"id":7627,"date":"2024-09-04T06:39:43","date_gmt":"2024-09-04T10:39:43","guid":{"rendered":"https:\/\/everypoint.ca\/wordpress\/associations\/"},"modified":"2025-09-09T10:08:37","modified_gmt":"2025-09-09T14:08:37","slug":"partenariats","status":"publish","type":"page","link":"https:\/\/everypoint.ca\/fr\/partenariats\/","title":{"rendered":"Associations"},"content":{"rendered":"<h2>\n  Nos partenaires industriels de confiance  <\/h2>\n<p>D\u00e9couvrez les associations professionnelles auxquelles nous sommes fi\u00e8rement affili\u00e9s et qui refl\u00e8tent notre engagement en faveur de l&rsquo;excellence, de la conformit\u00e9 et des meilleures pratiques dans le domaine de la logistique et du transport.<\/p>\n<p>\t\t\t\t\t\t\t\t<img fetchpriority=\"high\" width=\"800\" height=\"500\" src=\"https:\/\/everypoint.ca\/wp-content\/uploads\/2024\/09\/h3-img-36.png\" alt=\"\" decoding=\"async\" srcset=\"https:\/\/everypoint.ca\/wp-content\/uploads\/2024\/09\/h3-img-36.png 800w, https:\/\/everypoint.ca\/wp-content\/uploads\/2024\/09\/h3-img-36-300x188.png 300w, https:\/\/everypoint.ca\/wp-content\/uploads\/2024\/09\/h3-img-36-768x480.png 768w\" sizes=\"(max-width: 800px) 100vw, 800px\"><br \/>\n\t\t\t\t\t\t\t\t\t\t\t\t\t\t\t\t<a href=\"https:\/\/www.tianet.org\/\"><br \/>\n\t\t\t\t\t\t\t<img decoding=\"async\" src=\"https:\/\/everypoint.ca\/wp-content\/uploads\/elementor\/thumbs\/ll-tia-qu8x6nawz0izxoepf7zkaf4j6qi8768g2x3yfwy9ds.png\" title=\"ll-tia\" alt=\"ll-tia\" loading=\"lazy\">\t\t\t\t\t\t\t\t<\/a><br \/>\n  La <strong>Transportation Intermediaries Association (TIA)<\/strong> est l&rsquo;organisation professionnelle de l&rsquo;industrie de la logistique des tiers, qui repr\u00e9sente 40 milliards de dollars. La TIA est la voix des interm\u00e9diaires de transport aupr\u00e8s des exp\u00e9diteurs, des transporteurs, des fonctionnaires et des organisations internationales.<br \/>\n\t\t\t\t\t<a href=\"https:\/\/www.tianet.org\/\" target=\"_self\"><br \/>\n            <svg xmlns=\"http:\/\/www.w3.org\/2000\/svg\" width=\"18.476\" height=\"18.044\" viewbox=\"0 0 18.476 18.044\"><g transform=\"translate(9.007 0.992) rotate(45)\"><path d=\"M0,11.312,11.377,0\" transform=\"translate(0 0.011)\" fill=\"none\" stroke=\"currentColor\" stroke-width=\"2\"\/><path d=\"M8.466,8.661V0H0\" transform=\"translate(2.925 0)\" fill=\"none\" stroke=\"currentColor\" stroke-width=\"2\"\/><\/g><\/svg><br \/>\n    <\/a><br \/>\n\t\t\t\t\t\t\t\t\t\t\t\t\t\t\t\t<a href=\"https:\/\/www.tianet.org\/\"><br \/>\n\t\t\t\t\t\t\t<img decoding=\"async\" src=\"https:\/\/everypoint.ca\/wp-content\/uploads\/elementor\/thumbs\/tiabond-rbi7xrmffew9w1y8qp7ry7txgitfzyt18c5mvu9c74.png\" title=\"tiabond\" alt=\"tiabond\" loading=\"lazy\">\t\t\t\t\t\t\t\t<\/a><\/p>\n<p><strong>La TIA<\/strong> s&rsquo;est associ\u00e9e \u00e0<strong> Avalon Risk Management<\/strong>, un courtier d&rsquo;assurance de premier plan, pour d\u00e9velopper un programme de cautionnement \u00e0 prime qui reste fid\u00e8le aux valeurs de la TIA en tant que leader et d\u00e9fenseur des entreprises de logistique tierce (3PL) et des courtiers en fret qui exercent leurs activit\u00e9s en Am\u00e9rique du Nord. Tout comme la TIA elle-m\u00eame, le programme de cautionnement de la TIA est tr\u00e8s appr\u00e9ci\u00e9 et respect\u00e9 dans l&rsquo;ensemble de l&rsquo;industrie du transport. <\/p>\n<p>\t\t\t\t\t<a href=\"https:\/\/www.tianet.org\/\" target=\"_self\"><br \/>\n            <svg xmlns=\"http:\/\/www.w3.org\/2000\/svg\" width=\"18.476\" height=\"18.044\" viewbox=\"0 0 18.476 18.044\"><g transform=\"translate(9.007 0.992) rotate(45)\"><path d=\"M0,11.312,11.377,0\" transform=\"translate(0 0.011)\" fill=\"none\" stroke=\"currentColor\" stroke-width=\"2\"\/><path d=\"M8.466,8.661V0H0\" transform=\"translate(2.925 0)\" fill=\"none\" stroke=\"currentColor\" stroke-width=\"2\"\/><\/g><\/svg><br \/>\n    <\/a><br \/>\n\t\t\t\t\t\t\t\t\t\t\t\t\t\t\t\t<a href=\"https:\/\/tcmtl.com\/\"><br \/>\n\t\t\t\t\t\t\t<img decoding=\"async\" src=\"https:\/\/everypoint.ca\/wp-content\/uploads\/elementor\/thumbs\/ll-traffic-club-qu8x6nawz0izxoepf7zkaf4j6qi8768g2x3yfwy9ds.png\" title=\"ll-trafic-club\" alt=\"ll-trafic-club\" loading=\"lazy\">\t\t\t\t\t\t\t\t<\/a><br \/>\n  Le <strong>Traffic Club de Montr\u00e9al<\/strong> est compos\u00e9 de professionnels issus de pratiquement tous les secteurs de la communaut\u00e9 des affaires. L&rsquo;objectif principal du Traffic Club est de faciliter la circulation de l&rsquo;information pour les personnes qui s&rsquo;occupent de logistique par le biais d&rsquo;\u00e9v\u00e9nements sociaux et de r\u00e9unions.<br \/>\n\t\t\t\t\t<a href=\"https:\/\/tcmtl.com\/\" target=\"_self\"><br \/>\n            <svg xmlns=\"http:\/\/www.w3.org\/2000\/svg\" width=\"18.476\" height=\"18.044\" viewbox=\"0 0 18.476 18.044\"><g transform=\"translate(9.007 0.992) rotate(45)\"><path d=\"M0,11.312,11.377,0\" transform=\"translate(0 0.011)\" fill=\"none\" stroke=\"currentColor\" stroke-width=\"2\"\/><path d=\"M8.466,8.661V0H0\" transform=\"translate(2.925 0)\" fill=\"none\" stroke=\"currentColor\" stroke-width=\"2\"\/><\/g><\/svg><br \/>\n    <\/a><br \/>\n\t\t\t\t\t\t\t\t\t\t\t\t\t\t\t\t<a href=\"https:\/\/www.epa.gov\/smartway\"><br \/>\n\t\t\t\t\t\t\t<img decoding=\"async\" src=\"https:\/\/everypoint.ca\/wp-content\/uploads\/elementor\/thumbs\/ll-smartway-qu8x6nawz0izxoepf7zkaf4j6qi8768g2x3yfwy9ds.png\" title=\"ll-smartway\" alt=\"ll-smartway\" loading=\"lazy\">\t\t\t\t\t\t\t\t<\/a><br \/>\n  Le <strong>partenariat SmartWay Transport<\/strong> est une collaboration innovante entre l&rsquo;EPA et l&rsquo;industrie du fret visant \u00e0 accro\u00eetre l&rsquo;efficacit\u00e9 \u00e9nerg\u00e9tique tout en r\u00e9duisant de mani\u00e8re significative les gaz \u00e0 effet de serre et la pollution atmosph\u00e9rique.<br \/>\n\t\t\t\t\t<a href=\"https:\/\/www.epa.gov\/smartway\" target=\"_self\"><br \/>\n            <svg xmlns=\"http:\/\/www.w3.org\/2000\/svg\" width=\"18.476\" height=\"18.044\" viewbox=\"0 0 18.476 18.044\"><g transform=\"translate(9.007 0.992) rotate(45)\"><path d=\"M0,11.312,11.377,0\" transform=\"translate(0 0.011)\" fill=\"none\" stroke=\"currentColor\" stroke-width=\"2\"\/><path d=\"M8.466,8.661V0H0\" transform=\"translate(2.925 0)\" fill=\"none\" stroke=\"currentColor\" stroke-width=\"2\"\/><\/g><\/svg><br \/>\n    <\/a><br \/>\n\t\t\t\t\t\t\t\t\t\t\t\t\t\t\t\t<a href=\"https:\/\/www.ccoim.ca\/en\/\"><br \/>\n\t\t\t\t\t\t\t<img decoding=\"async\" src=\"https:\/\/everypoint.ca\/wp-content\/uploads\/elementor\/thumbs\/ll-wicc-qu8x6o8r5uka9adc9qe6uwvzs4dlevc6f1rfx6wv7k.png\" title=\"ll-wicc\" alt=\"ll-wicc\" loading=\"lazy\">\t\t\t\t\t\t\t\t<\/a><br \/>\n  La <strong>Chambre de commerce de<\/strong> l <strong>&lsquo;Ouest-de-l&rsquo;\u00cele de Montr\u00e9al (CCOIM)<\/strong> est la voix de la communaut\u00e9 d&rsquo;affaires de l&rsquo;Ouest-de-l&rsquo;\u00cele de Montr\u00e9al, car elle repr\u00e9sente les besoins de ses 850 membres. La mission de la CCOIM est d&rsquo;encourager et de promouvoir le d\u00e9veloppement de la communaut\u00e9 d&rsquo;affaires.<br \/>\n\t\t\t\t\t<a href=\"https:\/\/www.ccoim.ca\/en\/\" target=\"_self\"><br \/>\n            <svg xmlns=\"http:\/\/www.w3.org\/2000\/svg\" width=\"18.476\" height=\"18.044\" viewbox=\"0 0 18.476 18.044\"><g transform=\"translate(9.007 0.992) rotate(45)\"><path d=\"M0,11.312,11.377,0\" transform=\"translate(0 0.011)\" fill=\"none\" stroke=\"currentColor\" stroke-width=\"2\"\/><path d=\"M8.466,8.661V0H0\" transform=\"translate(2.925 0)\" fill=\"none\" stroke=\"currentColor\" stroke-width=\"2\"\/><\/g><\/svg><br \/>\n    <\/a><br \/>\n\t\t\t\t\t<a href=\"https:\/\/everypoint.ca\/about-us\/\" target=\"_self\"><br \/>\n  A propos de nous<br \/>\n            <svg xmlns=\"http:\/\/www.w3.org\/2000\/svg\" width=\"18.476\" height=\"18.044\" viewbox=\"0 0 18.476 18.044\"><g transform=\"translate(9.007 0.992) rotate(45)\"><path d=\"M0,11.312,11.377,0\" transform=\"translate(0 0.011)\" fill=\"none\" stroke=\"currentColor\" stroke-width=\"2\"\/><path d=\"M8.466,8.661V0H0\" transform=\"translate(2.925 0)\" fill=\"none\" stroke=\"currentColor\" stroke-width=\"2\"\/><\/g><\/svg><br \/>\n    <\/a><\/p>\n","protected":false},"excerpt":{"rendered":"<p>Nos partenaires industriels de confiance D\u00e9couvrez les associations professionnelles auxquelles nous sommes fi\u00e8rement affili\u00e9s et qui refl\u00e8tent notre engagement en faveur de l&rsquo;excellence, de la conformit\u00e9 et des meilleures pratiques dans le domaine de la logistique et du transport. La Transportation Intermediaries Association (TIA) est l&rsquo;organisation professionnelle de l&rsquo;industrie de la logistique des tiers, qui [&hellip;]<\/p>\n","protected":false},"author":2,"featured_media":0,"parent":0,"menu_order":0,"comment_status":"closed","ping_status":"closed","template":"page-full-width.php","meta":{"footnotes":""},"class_list":["post-7627","page","type-page","status-publish","hentry"],"_links":{"self":[{"href":"https:\/\/everypoint.ca\/fr\/wp-json\/wp\/v2\/pages\/7627","targetHints":{"allow":["GET"]}}],"collection":[{"href":"https:\/\/everypoint.ca\/fr\/wp-json\/wp\/v2\/pages"}],"about":[{"href":"https:\/\/everypoint.ca\/fr\/wp-json\/wp\/v2\/types\/page"}],"author":[{"embeddable":true,"href":"https:\/\/everypoint.ca\/fr\/wp-json\/wp\/v2\/users\/2"}],"replies":[{"embeddable":true,"href":"https:\/\/everypoint.ca\/fr\/wp-json\/wp\/v2\/comments?post=7627"}],"version-history":[{"count":1,"href":"https:\/\/everypoint.ca\/fr\/wp-json\/wp\/v2\/pages\/7627\/revisions"}],"predecessor-version":[{"id":8170,"href":"https:\/\/everypoint.ca\/fr\/wp-json\/wp\/v2\/pages\/7627\/revisions\/8170"}],"wp:attachment":[{"href":"https:\/\/everypoint.ca\/fr\/wp-json\/wp\/v2\/media?parent=7627"}],"curies":[{"name":"wp","href":"https:\/\/api.w.org\/{rel}","templated":true}]}}