{"id":7630,"date":"2024-04-30T11:33:48","date_gmt":"2024-04-30T15:33:48","guid":{"rendered":"https:\/\/everypoint.ca\/wordpress\/a-propos-de-nous\/"},"modified":"2024-09-17T13:50:02","modified_gmt":"2024-09-17T17:50:02","slug":"a-propos","status":"publish","type":"page","link":"https:\/\/everypoint.ca\/fr\/a-propos\/","title":{"rendered":"\u00c0 propos"},"content":{"rendered":"\t\t<div data-elementor-type=\"wp-page\" data-elementor-id=\"7630\" class=\"elementor elementor-7630 elementor-1499\">\n\t\t\t\t<div class=\"elementor-element elementor-element-dc13b01 e-con-full qodef-elementor-content-grid e-flex e-con e-parent\" data-id=\"dc13b01\" data-element_type=\"container\">\n\t\t<div class=\"elementor-element elementor-element-79b4d5c e-con-full e-flex e-con e-child\" data-id=\"79b4d5c\" data-element_type=\"container\">\n\t\t\t\t<div class=\"elementor-element elementor-element-ee58fa9 elementor-widget elementor-widget-freightexpress_core_section_title\" data-id=\"ee58fa9\" data-element_type=\"widget\" data-widget_type=\"freightexpress_core_section_title.default\">\n\t\t\t\t<div class=\"elementor-widget-container\">\n\t\t\t\t\t<div class=\"qodef-shortcode qodef-m  qodef-section-title qodef-alignment--left  \">\n    \t\t<h3 class=\"qodef-m-title\" >\n\t\t\tEveryPoint. \u00c0 port\u00e9e<br \/> de main.\t<\/h3>\n\t    <\/div>\n\t\t\t\t<\/div>\n\t\t\t\t<\/div>\n\t\t\t\t<div class=\"elementor-element elementor-element-dd0963d elementor-widget elementor-widget-freightexpress_core_number_with_text\" data-id=\"dd0963d\" data-element_type=\"widget\" data-widget_type=\"freightexpress_core_number_with_text.default\">\n\t\t\t\t<div class=\"elementor-widget-container\">\n\t\t\t\t\t<div class=\"qodef-shortcode qodef-m  qodef-number-with-text qodef-layout--simple \">\n\t<div class=\"qodef-m-content\">\n\t\t\t\t\t<p class=\"qodef-m-text\" >Nous nous engageons \u00e0 fournir des solutions de fret et de logistique de premier ordre, adapt\u00e9es aux besoins sp\u00e9cifiques de nos clients.\nForts d&#039;une histoire riche et d&#039;un engagement en faveur de la satisfaction de nos clients, nous nous appuyons sur notre \u00e9quipe qualifi\u00e9e et exp\u00e9riment\u00e9e pour assurer un service transparent, efficace et fiable. <\/p>\n\t<\/div>\n<\/div>\n\t\t\t\t<\/div>\n\t\t\t\t<\/div>\n\t\t\t\t<div class=\"elementor-element elementor-element-214b35c elementor-widget elementor-widget-freightexpress_core_number_with_text\" data-id=\"214b35c\" data-element_type=\"widget\" data-widget_type=\"freightexpress_core_number_with_text.default\">\n\t\t\t\t<div class=\"elementor-widget-container\">\n\t\t\t\t\t<div class=\"qodef-shortcode qodef-m  qodef-number-with-text qodef-layout--simple \">\n\t<div class=\"qodef-m-content\">\n\t\t\t\t\t<p class=\"qodef-m-text\" >Notre mission est d&#039;offrir l&#039;excellence \u00e0 chaque \u00e9tape, de la consultation initiale \u00e0 la livraison finale.\nD\u00e9couvrez comment notre passion pour la logistique et notre attachement \u00e0 la satisfaction du client nous poussent \u00e0 d\u00e9passer les attentes et \u00e0 \u00e9tablir de nouvelles normes dans le secteur. <\/p>\n\t<\/div>\n<\/div>\n\t\t\t\t<\/div>\n\t\t\t\t<\/div>\n\t\t\t\t<div class=\"elementor-element elementor-element-220684d elementor-widget elementor-widget-freightexpress_core_button\" data-id=\"220684d\" data-element_type=\"widget\" data-widget_type=\"freightexpress_core_button.default\">\n\t\t\t\t<div class=\"elementor-widget-container\">\n\t\t\t\t\t<a class=\"qodef-shortcode qodef-m  qodef-button qodef-layout--outlined qodef-show-button-arrow--yes  qodef-html--link\" href=\"\/our-services\/\" target=\"_self\" >\n\t<span class=\"qodef-m-text\" data-title=\"En savoir plus\">En savoir plus<\/span>\n            <span class=\"qodef-btn-arrow\"><svg class=\"qodef-svg--button-arrow-standard\" xmlns=\"http:\/\/www.w3.org\/2000\/svg\" width=\"18.476\" height=\"18.044\" viewBox=\"0 0 18.476 18.044\"><g transform=\"translate(9.007 0.992) rotate(45)\"><path d=\"M0,11.312,11.377,0\" transform=\"translate(0 0.011)\" fill=\"none\" stroke=\"currentColor\" stroke-width=\"2\"\/><path d=\"M8.466,8.661V0H0\" transform=\"translate(2.925 0)\" fill=\"none\" stroke=\"currentColor\" stroke-width=\"2\"\/><\/g><\/svg><\/span>\n    <\/a>\n\t\t\t\t<\/div>\n\t\t\t\t<\/div>\n\t\t\t\t<\/div>\n\t\t<div class=\"elementor-element elementor-element-cbafd84 e-con-full e-flex e-con e-child\" data-id=\"cbafd84\" data-element_type=\"container\">\n\t\t\t\t<div class=\"elementor-element elementor-element-07eefd1 elementor-widget__width-initial elementor-widget-mobile__width-inherit elementor-widget elementor-widget-text-editor\" data-id=\"07eefd1\" data-element_type=\"widget\" data-widget_type=\"text-editor.default\">\n\t\t\t\t<div class=\"elementor-widget-container\">\n\t\t\t\t\t\t\t\t\t<h5>Nos valeurs<\/h5>\n<p>Chez EveryPoint, la communication ouverte est le fondement de notre culture, encourageant la coop\u00e9ration et guidant chaque d\u00e9cision commerciale que nous prenons.<\/p>\n\n<p>Nous sommes fiers de notre engagement en faveur de l&rsquo;excellence, fond\u00e9 sur le respect mutuel, la confiance et l&rsquo;int\u00e9grit\u00e9 que nous partageons avec nos clients, nos fournisseurs et nos employ\u00e9s.<\/p>\t\t\t\t\t\t\t\t<\/div>\n\t\t\t\t<\/div>\n\t\t\t\t<div class=\"elementor-element elementor-element-bba6c96 elementor-widget__width-initial elementor-widget-mobile__width-inherit elementor-widget elementor-widget-text-editor\" data-id=\"bba6c96\" data-element_type=\"widget\" data-widget_type=\"text-editor.default\">\n\t\t\t\t<div class=\"elementor-widget-container\">\n\t\t\t\t\t\t\t\t\t<h5>Notre promesse<\/h5>\n<p>Nous vivons nos valeurs par l&rsquo;action.<br \/>\nEn cas d&rsquo;impr\u00e9vu, qu&rsquo;il s&rsquo;agisse d&rsquo;une crevaison, d&rsquo;une temp\u00eate ou d&rsquo;un cas de force majeure, nous vous informons rapidement de la situation et mettons tout en \u0153uvre pour la r\u00e9soudre. <\/p>\n\t\t\t\t\t\t\t\t<\/div>\n\t\t\t\t<\/div>\n\t\t\t\t<\/div>\n\t\t\t\t<\/div>\n\t\t<div class=\"elementor-element elementor-element-0e2f549 e-flex e-con-boxed e-con e-parent\" data-id=\"0e2f549\" data-element_type=\"container\" data-settings=\"{&quot;background_background&quot;:&quot;classic&quot;}\">\n\t\t\t\t\t<div class=\"e-con-inner\">\n\t\t<div class=\"elementor-element elementor-element-b5e92dd e-con-full qodef-elementor-content-grid e-flex e-con e-child\" data-id=\"b5e92dd\" data-element_type=\"container\">\n\t\t<div class=\"elementor-element elementor-element-afc4d4f e-con-full e-flex e-con e-child\" data-id=\"afc4d4f\" data-element_type=\"container\">\n\t\t\t\t<div class=\"elementor-element elementor-element-b12f4ef elementor-widget elementor-widget-freightexpress_core_counter\" data-id=\"b12f4ef\" data-element_type=\"widget\" data-widget_type=\"freightexpress_core_counter.default\">\n\t\t\t\t<div class=\"elementor-widget-container\">\n\t\t\t\t\t<div class=\"qodef-shortcode qodef-m  qodef-counter qodef-layout--simple  \" data-start-digit=\"30\" data-end-digit=\"50\" data-digit-label=\"M\">\n\t<div class=\"qodef-m-digit-wrapper\">\n                    <span class=\"qodef-m-sign\">+<\/span>\n        \t\t<span class=\"qodef-m-digit\" ><\/span>\n\t<\/div>\n\t<div class=\"qodef-m-content\">\n\t\t\t<p class=\"qodef-m-title\" >\n\t\t\t\t\tKilom\u00e8tres parcourus\t\t\t<\/p>\n\t\t\t<\/div>\n<\/div>\n\t\t\t\t<\/div>\n\t\t\t\t<\/div>\n\t\t\t\t<\/div>\n\t\t<div class=\"elementor-element elementor-element-206077f e-con-full e-flex e-con e-child\" data-id=\"206077f\" data-element_type=\"container\">\n\t\t\t\t<div class=\"elementor-element elementor-element-674601d elementor-widget elementor-widget-freightexpress_core_counter\" data-id=\"674601d\" data-element_type=\"widget\" data-widget_type=\"freightexpress_core_counter.default\">\n\t\t\t\t<div class=\"elementor-widget-container\">\n\t\t\t\t\t<div class=\"qodef-shortcode qodef-m  qodef-counter qodef-layout--simple  \" data-start-digit=\"1\" data-end-digit=\"11\" data-digit-label=\"k\">\n\t<div class=\"qodef-m-digit-wrapper\">\n                    <span class=\"qodef-m-sign\">+<\/span>\n        \t\t<span class=\"qodef-m-digit\" ><\/span>\n\t<\/div>\n\t<div class=\"qodef-m-content\">\n\t\t\t<p class=\"qodef-m-title\" >\n\t\t\t\t\tCharges par an\t\t\t<\/p>\n\t\t\t<\/div>\n<\/div>\n\t\t\t\t<\/div>\n\t\t\t\t<\/div>\n\t\t\t\t<\/div>\n\t\t<div class=\"elementor-element elementor-element-8c43283 e-con-full e-flex e-con e-child\" data-id=\"8c43283\" data-element_type=\"container\">\n\t\t\t\t<div class=\"elementor-element elementor-element-5187a3e elementor-widget elementor-widget-freightexpress_core_counter\" data-id=\"5187a3e\" data-element_type=\"widget\" data-widget_type=\"freightexpress_core_counter.default\">\n\t\t\t\t<div class=\"elementor-widget-container\">\n\t\t\t\t\t<div class=\"qodef-shortcode qodef-m  qodef-counter qodef-layout--simple  \" data-start-digit=\"10\" data-end-digit=\"25\" data-digit-label=\"M$\">\n\t<div class=\"qodef-m-digit-wrapper\">\n                    <span class=\"qodef-m-sign\">+<\/span>\n        \t\t<span class=\"qodef-m-digit\" ><\/span>\n\t<\/div>\n\t<div class=\"qodef-m-content\">\n\t\t\t<p class=\"qodef-m-title\" >\n\t\t\t\t\tEn chiffre d&#039;affaires annuel\t\t\t<\/p>\n\t\t\t<\/div>\n<\/div>\n\t\t\t\t<\/div>\n\t\t\t\t<\/div>\n\t\t\t\t<\/div>\n\t\t\t\t<\/div>\n\t\t\t\t\t<\/div>\n\t\t\t\t<\/div>\n\t\t<div class=\"elementor-element elementor-element-3abfad7 e-con-full qodef-elementor-content-grid e-flex e-con e-parent\" data-id=\"3abfad7\" data-element_type=\"container\">\n\t\t<div class=\"elementor-element elementor-element-fd36b10 e-con-full e-flex e-con e-child\" data-id=\"fd36b10\" data-element_type=\"container\">\n\t\t\t\t<div class=\"elementor-element elementor-element-0accbb9 elementor-widget elementor-widget-freightexpress_core_single_image\" data-id=\"0accbb9\" data-element_type=\"widget\" data-widget_type=\"freightexpress_core_single_image.default\">\n\t\t\t\t<div class=\"elementor-widget-container\">\n\t\t\t\t\t<div class=\"qodef-shortcode qodef-m  qodef-single-image qodef-layout--default qodef-scroll-item   \"   >\n\t\t\t<div class=\"qodef-m-image\">\n\t\t\t\t\t\t\t\t<img fetchpriority=\"high\" decoding=\"async\" width=\"300\" height=\"300\" src=\"https:\/\/everypoint.ca\/wp-content\/uploads\/2024\/08\/pushpin-300x300.jpg\" class=\"attachment-medium size-medium\" alt=\"\" srcset=\"https:\/\/everypoint.ca\/wp-content\/uploads\/2024\/08\/pushpin-300x300.jpg 300w, https:\/\/everypoint.ca\/wp-content\/uploads\/2024\/08\/pushpin-150x150.jpg 150w, https:\/\/everypoint.ca\/wp-content\/uploads\/2024\/08\/pushpin.jpg 600w\" sizes=\"(max-width: 300px) 100vw, 300px\" \/>\t\t\t\t\t\t\t<\/div>\n\t<\/div>\n\t\t\t\t<\/div>\n\t\t\t\t<\/div>\n\t\t\t\t<\/div>\n\t\t<div class=\"elementor-element elementor-element-f3db0bf e-con-full e-flex e-con e-child\" data-id=\"f3db0bf\" data-element_type=\"container\">\n\t\t<div class=\"elementor-element elementor-element-ee200ba e-con-full e-flex e-con e-child\" data-id=\"ee200ba\" data-element_type=\"container\">\n\t\t\t\t<div class=\"elementor-element elementor-element-978306c elementor-widget elementor-widget-freightexpress_core_section_title\" data-id=\"978306c\" data-element_type=\"widget\" data-widget_type=\"freightexpress_core_section_title.default\">\n\t\t\t\t<div class=\"elementor-widget-container\">\n\t\t\t\t\t<div class=\"qodef-shortcode qodef-m  qodef-section-title qodef-alignment--left  \">\n    \t\t<h3 class=\"qodef-m-title\" >\n\t\t\tNotre symbole : La punaise rouge\t<\/h3>\n\t    <\/div>\n\t\t\t\t<\/div>\n\t\t\t\t<\/div>\n\t\t\t\t<div class=\"elementor-element elementor-element-d5257ad elementor-widget elementor-widget-freightexpress_core_number_with_text\" data-id=\"d5257ad\" data-element_type=\"widget\" data-widget_type=\"freightexpress_core_number_with_text.default\">\n\t\t\t\t<div class=\"elementor-widget-container\">\n\t\t\t\t\t<div class=\"qodef-shortcode qodef-m  qodef-number-with-text qodef-layout--simple \">\n\t<div class=\"qodef-m-content\">\n\t\t\t\t\t<p class=\"qodef-m-text\" >Il s&#039;agit d&#039;une punaise rouge qui vous repr\u00e9sente, notre client. La punaise marque un point sur la carte, par exemple l&#039;emplacement de votre bureau, de votre entrep\u00f4t, de vos fournisseurs et m\u00eame de l&#039;entreprise de votre client. C&#039;est le point d&#039;enl\u00e8vement et le point de livraison. Il s&#039;agit de n&#039;importe quel point et de chaque point. C&#039;est l&#039;ensemble des points \u00e0 connecter.    <\/p>\n\t<\/div>\n<\/div>\n\t\t\t\t<\/div>\n\t\t\t\t<\/div>\n\t\t\t\t<\/div>\n\t\t\t\t<\/div>\n\t\t\t\t<\/div>\n\t\t<div class=\"elementor-element elementor-element-7319007 e-con-full e-flex e-con e-parent\" data-id=\"7319007\" data-element_type=\"container\">\n\t\t\t\t<div class=\"elementor-element elementor-element-bd05e8a elementor-widget elementor-widget-slider_revolution\" data-id=\"bd05e8a\" data-element_type=\"widget\" data-widget_type=\"slider_revolution.default\">\n\t\t\t\t<div class=\"elementor-widget-container\">\n\t\t\t\t\t\n\t\t<div class=\"wp-block-themepunch-revslider\">\n\t\t\t\t<p class=\"rs-p-wp-fix\"><\/p>\n\t\t\t\t<sr7-module data-alias=\"about-us\" data-id=\"1\" id=\"SR7_1_1\" class=\"rs-ov-hidden\" data-version=\"6.7.15\">\n\t\t\t\t\t<sr7-adjuster><\/sr7-adjuster>\n\t\t\t\t\t<sr7-content>\n\t\t\t\t\t\t<sr7-slide id=\"SR7_1_1-3\" data-key=\"3\">\n\t\t\t\t\t\t\t<sr7-bg id=\"SR7_1_1-3-1\" class=\"sr7-layer\"><noscript><img decoding=\"async\" src=\"https:\/\/everypoint.ca\/wordpress\/wp-content\/uploads\/2024\/09\/services-img-5.jpg\" alt=\"\" title=\"services-img-5\"><\/noscript><\/sr7-bg>\n\t\t\t\t\t\t<\/sr7-slide>\n\t\t\t\t\t\t<sr7-slide id=\"SR7_1_1-17\" data-key=\"17\">\n\t\t\t\t\t\t<\/sr7-slide>\n\t\t\t\t\t<\/sr7-content>\n\t\t\t\t\t<image_lists style=\"display:none\">\n\t\t\t\t\t\t<img data-src=\"\/\/everypoint.ca\/wordpress\/wp-content\/uploads\/2024\/09\/services-img-5.jpg\" data-libid=\"6903\" data-lib=\"medialibrary\" title=\"services-img-5\" width=\"0\" height=\"0\" data-dbsrc=\"Ly9ldmVyeXBvaW50LmNhL3dvcmRwcmVzcy93cC1jb250ZW50L3VwbG9hZHMvMjAyNC8wOS9zZXJ2aWNlcy1pbWctNS5qcGc=\"\/>\n\t\t\t\t\t<\/image_lists>\n\t\t\t\t<\/sr7-module>\n\t\t\t\t<script>\n\t\t\t\t\tSR7.PMH ??={}; SR7.PMH[\"SR7_1_1\"] = {cn:0,state:false,fn: function() { if (_tpt!==undefined && _tpt.prepareModuleHeight !== undefined) {  _tpt.prepareModuleHeight({id:\"SR7_1_1\",el:[680,680,480,480,720],type:'standard',shdw:'0',gh:[680,680,480,480,720],gw:[1400,1400,1100,960,680],vpt:['100px&#039;,&#039;100px&#039;,&#039;100px&#039;,&#039;100px&#039;,&#039;100px'],size:{fullWidth:false, fullHeight:false},mh:'0',onh:0,onw:0,bg:{color:'{\"orig\":\"transparent\",\"type\":\"solid\",\"string\":\"transparent\"}'}});   SR7.PMH[\"SR7_1_1\"].state=true;} else if((SR7.PMH[\"SR7_1_1\"].cn++)<100)\tsetTimeout( SR7.PMH[\"SR7_1_1\"].fn,19);}};SR7.PMH[\"SR7_1_1\" ].fn();\n\t\t\t\t<\/script>\n<\/div>\n\n\t\t\t\t\t\t<\/div>\n\t\t\t\t<\/div>\n\t\t\t\t<\/div>\n\t\t<div class=\"elementor-element elementor-element-6ee9c1fe e-con-full e-flex e-con e-parent\" data-id=\"6ee9c1fe\" data-element_type=\"container\" data-settings=\"{&quot;background_background&quot;:&quot;classic&quot;}\">\n\t\t<div class=\"elementor-element elementor-element-5b2f1e6d e-con-full e-flex e-con e-child\" data-id=\"5b2f1e6d\" data-element_type=\"container\">\n\t\t\t\t<div class=\"elementor-element elementor-element-3acc1dde elementor-widget-tablet__width-initial elementor-widget elementor-widget-freightexpress_core_icon_with_text\" data-id=\"3acc1dde\" data-element_type=\"widget\" data-widget_type=\"freightexpress_core_icon_with_text.default\">\n\t\t\t\t<div class=\"elementor-widget-container\">\n\t\t\t\t\t<div class=\"qodef-shortcode qodef-m  qodef-icon-with-text qodef-layout--before-title qodef--svg-icon  \">\n\t<div class=\"qodef-m-content\">\n\t\t\t<h6 class=\"qodef-m-title\" style=\"margin-top: 0px\">\n\t\t\t\t\t<a itemprop=\"url\" href=\"\/fr\/land\/\" target=\"_self\">\n\t\t\t\t\t<span class=\"qodef-m-title-inner\">\n\t\t\t\t<span class=\"qodef-m-icon-wrapper\">\n\t\t\t\t\t    <span class=\"qodef-icon-holder\">\n\t\t<span class=\"qodef-m-svg\" >\n\t\t\t<svg xmlns=\"http:\/\/www.w3.org\/2000\/svg\" width=\"62.841\" height=\"62.812\"><path fill=\"#f94834\" d=\"M56.253 0H37.181L19.15 26.9V0H.002v18.478l18.4 9.313-18.4 9.313v18.7H19.15V28.163l18.031 27.641h19.072c-.223 0 0-18.7 0-18.7l-36.73-9.312 36.73-9.313Z\"><\/path><\/svg>\t\t<\/span>\n\t<\/span>\n\t\t\t\t<\/span>\n\t\t\t\t<span class=\"qodef-m-title-text\">\n\t\t\t\t\tTransports terrestres\t\t\t\t<\/span>\n\t\t\t<\/span>\n\t\t\t\t\t<\/a>\n\t\t\t<\/h6>\n\t\t\t<\/div>\n<\/div>\n\t\t\t\t<\/div>\n\t\t\t\t<\/div>\n\t\t\t\t<\/div>\n\t\t<div class=\"elementor-element elementor-element-64695016 e-con-full e-flex e-con e-child\" data-id=\"64695016\" data-element_type=\"container\">\n\t\t\t\t<div class=\"elementor-element elementor-element-c60299c elementor-widget-mobile__width-inherit elementor-widget-tablet__width-initial elementor-widget elementor-widget-freightexpress_core_icon_with_text\" data-id=\"c60299c\" data-element_type=\"widget\" data-widget_type=\"freightexpress_core_icon_with_text.default\">\n\t\t\t\t<div class=\"elementor-widget-container\">\n\t\t\t\t\t<div class=\"qodef-shortcode qodef-m  qodef-icon-with-text qodef-layout--before-title qodef--svg-icon  \">\n\t<div class=\"qodef-m-content\">\n\t\t\t<h6 class=\"qodef-m-title\" style=\"margin-top: 0px\">\n\t\t\t\t\t<a itemprop=\"url\" href=\"\/fr\/air-ocean\/\" target=\"_self\">\n\t\t\t\t\t<span class=\"qodef-m-title-inner\">\n\t\t\t\t<span class=\"qodef-m-icon-wrapper\">\n\t\t\t\t\t    <span class=\"qodef-icon-holder\">\n\t\t<span class=\"qodef-m-svg\" >\n\t\t\t<svg xmlns=\"http:\/\/www.w3.org\/2000\/svg\" width=\"62.841\" height=\"62.812\"><g fill=\"#97262c\"><path d=\"M0 44.185h16.284v16.626L30.92 46.175v-15.77H13.779Z\"><\/path><path d=\"M0 13.779h16.284v16.626L30.92 15.769V-.001H13.779ZM30.921 13.779h16.284v16.626l14.636-14.636V-.001H44.7ZM30.921 44.185h16.284v16.626l14.636-14.636v-15.77H44.7Z\"><\/path><\/g><\/svg>\t\t<\/span>\n\t<\/span>\n\t\t\t\t<\/span>\n\t\t\t\t<span class=\"qodef-m-title-text\">\n\t\t\t\t\tFret a\u00e9rien et maritime\t\t\t\t<\/span>\n\t\t\t<\/span>\n\t\t\t\t\t<\/a>\n\t\t\t<\/h6>\n\t\t\t<\/div>\n<\/div>\n\t\t\t\t<\/div>\n\t\t\t\t<\/div>\n\t\t\t\t<\/div>\n\t\t<div class=\"elementor-element elementor-element-3fdd0b8 e-con-full e-flex e-con e-child\" data-id=\"3fdd0b8\" data-element_type=\"container\">\n\t\t\t\t<div class=\"elementor-element elementor-element-6f0a4ac elementor-widget-mobile__width-inherit elementor-widget-tablet__width-initial elementor-widget elementor-widget-freightexpress_core_icon_with_text\" data-id=\"6f0a4ac\" data-element_type=\"widget\" data-widget_type=\"freightexpress_core_icon_with_text.default\">\n\t\t\t\t<div class=\"elementor-widget-container\">\n\t\t\t\t\t<div class=\"qodef-shortcode qodef-m  qodef-icon-with-text qodef-layout--before-title qodef--svg-icon  \">\n\t<div class=\"qodef-m-content\">\n\t\t\t<h6 class=\"qodef-m-title\" style=\"margin-top: 0px\">\n\t\t\t\t\t<a itemprop=\"url\" href=\"\/fr\/land\/#warehousing\" target=\"_self\">\n\t\t\t\t\t<span class=\"qodef-m-title-inner\">\n\t\t\t\t<span class=\"qodef-m-icon-wrapper\">\n\t\t\t\t\t    <span class=\"qodef-icon-holder\">\n\t\t<span class=\"qodef-m-svg\" >\n\t\t\t<svg xmlns=\"http:\/\/www.w3.org\/2000\/svg\" width=\"66.501\" height=\"66.29\"><g fill=\"#f94834\"><path d=\"m42.188.001 6.506 17.875-8.938 3.253-6.505-17.875zM33.25 3.253l-6.506 17.875-8.937-3.253L24.313 0zM33.25 63.037l6.506-17.875 8.937 3.253-6.506 17.875zM24.313 66.29l-6.506-17.875 8.938-3.253 6.505 17.875zM48.515 17.959l17.986 6.193-3.097 8.993-17.985-6.193zM21.083 26.952 3.097 33.145.001 24.152l17.986-6.193zM45.418 39.338l17.986-6.193 3.096 8.993-17.986 6.193zM17.986 48.332 0 42.139l3.097-8.993 17.985 6.193z\"><\/path><\/g><\/svg>\t\t<\/span>\n\t<\/span>\n\t\t\t\t<\/span>\n\t\t\t\t<span class=\"qodef-m-title-text\">\n\t\t\t\t\tEntreposage et distribution\t\t\t\t<\/span>\n\t\t\t<\/span>\n\t\t\t\t\t<\/a>\n\t\t\t<\/h6>\n\t\t\t<\/div>\n<\/div>\n\t\t\t\t<\/div>\n\t\t\t\t<\/div>\n\t\t\t\t<\/div>\n\t\t<div class=\"elementor-element elementor-element-51abbd76 e-con-full e-flex e-con e-child\" data-id=\"51abbd76\" data-element_type=\"container\">\n\t\t\t\t<div class=\"elementor-element elementor-element-1b61ab6d elementor-widget-mobile__width-inherit elementor-widget-tablet__width-initial elementor-widget elementor-widget-freightexpress_core_icon_with_text\" data-id=\"1b61ab6d\" data-element_type=\"widget\" data-widget_type=\"freightexpress_core_icon_with_text.default\">\n\t\t\t\t<div class=\"elementor-widget-container\">\n\t\t\t\t\t<div class=\"qodef-shortcode qodef-m  qodef-icon-with-text qodef-layout--before-title qodef--svg-icon  \">\n\t<div class=\"qodef-m-content\">\n\t\t\t<h6 class=\"qodef-m-title\" style=\"margin-top: 0px\">\n\t\t\t\t\t<a itemprop=\"url\" href=\"\/e-sol\/\" target=\"_self\">\n\t\t\t\t\t<span class=\"qodef-m-title-inner\">\n\t\t\t\t<span class=\"qodef-m-icon-wrapper\">\n\t\t\t\t\t    <span class=\"qodef-icon-holder\">\n\t\t<span class=\"qodef-m-svg\" >\n\t\t\t<svg xmlns=\"http:\/\/www.w3.org\/2000\/svg\" width=\"60.855\" height=\"66\"><g fill=\"#f94834\"><path d=\"M40.891 10.464H19.963V0h20.928z\"><\/path><path d=\"M51.981 28.133 40.889 10.386l8.874-5.546 11.091 17.747zM0 22.588 11.092 4.841l8.873 5.546L8.873 28.134z\"><\/path><path d=\"M60.855 33.678 49.763 51.425l-8.873-5.546 11.092-17.747zM8.874 28.133 19.966 45.88l-8.874 5.546L.001 33.679zM40.891 56.758H19.963V46.294h20.928z\"><\/path><\/g><\/svg>\t\t<\/span>\n\t<\/span>\n\t\t\t\t<\/span>\n\t\t\t\t<span class=\"qodef-m-title-text\">\n\t\t\t\t\tGestion du fret en ligne E-Sol\t\t\t\t<\/span>\n\t\t\t<\/span>\n\t\t\t\t\t<\/a>\n\t\t\t<\/h6>\n\t\t\t<\/div>\n<\/div>\n\t\t\t\t<\/div>\n\t\t\t\t<\/div>\n\t\t\t\t<\/div>\n\t\t\t\t<\/div>\n\t\t\t\t<\/div>\n\t\t","protected":false},"excerpt":{"rendered":"<p>EveryPoint. \u00c0 port\u00e9e de main. Nous nous engageons \u00e0 fournir des solutions de fret et de logistique de premier ordre, adapt\u00e9es aux besoins sp\u00e9cifiques de nos clients. Forts d&#039;une histoire riche et d&#039;un engagement en faveur de la satisfaction de nos clients, nous nous appuyons sur notre \u00e9quipe qualifi\u00e9e et exp\u00e9riment\u00e9e pour assurer un service [&hellip;]<\/p>\n","protected":false},"author":2,"featured_media":0,"parent":0,"menu_order":0,"comment_status":"closed","ping_status":"closed","template":"page-full-width.php","meta":{"footnotes":""},"class_list":["post-7630","page","type-page","status-publish","hentry"],"_links":{"self":[{"href":"https:\/\/everypoint.ca\/fr\/wp-json\/wp\/v2\/pages\/7630","targetHints":{"allow":["GET"]}}],"collection":[{"href":"https:\/\/everypoint.ca\/fr\/wp-json\/wp\/v2\/pages"}],"about":[{"href":"https:\/\/everypoint.ca\/fr\/wp-json\/wp\/v2\/types\/page"}],"author":[{"embeddable":true,"href":"https:\/\/everypoint.ca\/fr\/wp-json\/wp\/v2\/users\/2"}],"replies":[{"embeddable":true,"href":"https:\/\/everypoint.ca\/fr\/wp-json\/wp\/v2\/comments?post=7630"}],"version-history":[{"count":19,"href":"https:\/\/everypoint.ca\/fr\/wp-json\/wp\/v2\/pages\/7630\/revisions"}],"predecessor-version":[{"id":7997,"href":"https:\/\/everypoint.ca\/fr\/wp-json\/wp\/v2\/pages\/7630\/revisions\/7997"}],"wp:attachment":[{"href":"https:\/\/everypoint.ca\/fr\/wp-json\/wp\/v2\/media?parent=7630"}],"curies":[{"name":"wp","href":"https:\/\/api.w.org\/{rel}","templated":true}]}}