{"id":7632,"date":"2024-05-08T12:00:14","date_gmt":"2024-05-08T16:00:14","guid":{"rendered":"https:\/\/everypoint.ca\/wordpress\/nos-services\/"},"modified":"2024-09-17T13:50:06","modified_gmt":"2024-09-17T17:50:06","slug":"nos-services","status":"publish","type":"page","link":"https:\/\/everypoint.ca\/fr\/nos-services\/","title":{"rendered":"Nos services"},"content":{"rendered":"\t\t<div data-elementor-type=\"wp-page\" data-elementor-id=\"7632\" class=\"elementor elementor-7632 elementor-1832\">\n\t\t\t\t<div class=\"elementor-element elementor-element-406aec8 e-con-full e-flex e-con e-parent\" data-id=\"406aec8\" data-element_type=\"container\">\n\t\t<div class=\"elementor-element elementor-element-be299b8 e-con-full qodef-elementor-content-grid qodef-extended-grid qodef-extended-grid--right e-flex e-con e-child\" data-id=\"be299b8\" data-element_type=\"container\">\n\t\t<div class=\"elementor-element elementor-element-d8796bb e-con-full e-flex e-con e-child\" data-id=\"d8796bb\" data-element_type=\"container\">\n\t\t\t\t<div class=\"elementor-element elementor-element-325c20a elementor-widget elementor-widget-freightexpress_core_section_title\" data-id=\"325c20a\" data-element_type=\"widget\" data-widget_type=\"freightexpress_core_section_title.default\">\n\t\t\t\t<div class=\"elementor-widget-container\">\n\t\t\t\t\t<div class=\"qodef-shortcode qodef-m  qodef-section-title qodef-alignment--left  \">\n    \t\t<h2 class=\"qodef-m-title\" >\n\t\t\tSolutions logistiques personnalis\u00e9es pour le fret\t<\/h2>\n\t    <\/div>\n\t\t\t\t<\/div>\n\t\t\t\t<\/div>\n\t\t<div class=\"elementor-element elementor-element-6254851 e-con-full e-flex e-con e-child\" data-id=\"6254851\" data-element_type=\"container\">\n\t\t<div class=\"elementor-element elementor-element-1e636c9 e-con-full e-flex e-con e-child\" data-id=\"1e636c9\" data-element_type=\"container\">\n\t\t\t\t<div class=\"elementor-element elementor-element-6728443 elementor-widget elementor-widget-freightexpress_core_number_with_text\" data-id=\"6728443\" data-element_type=\"widget\" data-widget_type=\"freightexpress_core_number_with_text.default\">\n\t\t\t\t<div class=\"elementor-widget-container\">\n\t\t\t\t\t<div class=\"qodef-shortcode qodef-m  qodef-number-with-text qodef-layout--simple \">\n\t<div class=\"qodef-m-content\">\n\t\t\t\t\t<p class=\"qodef-m-text\" >EveryPoint offre des services de transport et de logistique sur mesure pour r\u00e9pondre \u00e0 vos besoins. Qu&#039;il s&#039;agisse d&#039;exp\u00e9ditions uniques ou de cha\u00eenes d&#039;approvisionnement complexes, nous assurons une livraison s\u00fbre, rapide et rentable.<\/p>\n\t<\/div>\n<\/div>\n\t\t\t\t<\/div>\n\t\t\t\t<\/div>\n\t\t\t\t<\/div>\n\t\t\t\t<\/div>\n\t\t\t\t<\/div>\n\t\t<div class=\"elementor-element elementor-element-ce5de7a e-con-full e-flex e-con e-child\" data-id=\"ce5de7a\" data-element_type=\"container\">\n\t\t\t\t<div class=\"elementor-element elementor-element-da0d8c3 elementor-widget elementor-widget-freightexpress_core_single_image\" data-id=\"da0d8c3\" data-element_type=\"widget\" data-widget_type=\"freightexpress_core_single_image.default\">\n\t\t\t\t<div class=\"elementor-widget-container\">\n\t\t\t\t\t<div class=\"qodef-shortcode qodef-m  qodef-single-image qodef-layout--default    qodef--has-appear qodef-appear--reveal\"   >\n\t\t\t<div class=\"qodef-m-image\">\n\t\t\t\t\t\t\t\t<img fetchpriority=\"high\" decoding=\"async\" width=\"800\" height=\"500\" src=\"https:\/\/everypoint.ca\/wp-content\/uploads\/2024\/09\/h3-img-33.png\" class=\"attachment-full size-full\" alt=\"\" srcset=\"https:\/\/everypoint.ca\/wp-content\/uploads\/2024\/09\/h3-img-33.png 800w, https:\/\/everypoint.ca\/wp-content\/uploads\/2024\/09\/h3-img-33-300x188.png 300w, https:\/\/everypoint.ca\/wp-content\/uploads\/2024\/09\/h3-img-33-768x480.png 768w\" sizes=\"(max-width: 800px) 100vw, 800px\" \/>\t\t\t\t\t\t\t<\/div>\n\t<\/div>\n\t\t\t\t<\/div>\n\t\t\t\t<\/div>\n\t\t\t\t<\/div>\n\t\t\t\t<\/div>\n\t\t\t\t<\/div>\n\t\t<div class=\"elementor-element elementor-element-885781a e-con-full qodef-elementor-content-grid e-flex e-con e-parent\" data-id=\"885781a\" data-element_type=\"container\">\n\t\t<div class=\"elementor-element elementor-element-23feb11 e-con-full e-flex e-con e-child\" data-id=\"23feb11\" data-element_type=\"container\">\n\t\t<div class=\"elementor-element elementor-element-5a1b271 e-con-full e-flex e-con e-child\" data-id=\"5a1b271\" data-element_type=\"container\" data-settings=\"{&quot;background_background&quot;:&quot;classic&quot;}\">\n\t\t\t\t<div class=\"elementor-element elementor-element-28aa99d elementor-widget elementor-widget-freightexpress_core_single_image\" data-id=\"28aa99d\" data-element_type=\"widget\" data-widget_type=\"freightexpress_core_single_image.default\">\n\t\t\t\t<div class=\"elementor-widget-container\">\n\t\t\t\t\t<div class=\"qodef-shortcode qodef-m  qodef-single-image qodef-layout--default  qodef--retina  qodef--has-appear qodef-appear--reveal\"   >\n\t\t\t<div class=\"qodef-m-image\">\n\t\t\t\t\t\t\t\t\t\t\t\t\t\t<img decoding=\"async\" itemprop=\"image\" src=\"https:\/\/everypoint.ca\/wp-content\/uploads\/2024\/08\/services-img-3.png\" width=\"44\" height=\"25\" alt=\"\" \/>\n\t\t\t\t\t\t\t\t\t\t\t\t\t<\/div>\n\t<\/div>\n\t\t\t\t<\/div>\n\t\t\t\t<\/div>\n\t\t\t\t<div class=\"elementor-element elementor-element-a1c2bf3 elementor-widget elementor-widget-freightexpress_core_section_title\" data-id=\"a1c2bf3\" data-element_type=\"widget\" data-widget_type=\"freightexpress_core_section_title.default\">\n\t\t\t\t<div class=\"elementor-widget-container\">\n\t\t\t\t\t<div class=\"qodef-shortcode qodef-m  qodef-section-title qodef-alignment--left  \">\n    \t\t<h6 class=\"qodef-m-title\" >\n\t\t\tPour toute question suppl\u00e9mentaire, contactez-nous d\u00e8s aujourd'hui.\t<\/h6>\n\t    <\/div>\n\t\t\t\t<\/div>\n\t\t\t\t<\/div>\n\t\t\t\t<div class=\"elementor-element elementor-element-e8e2b63 elementor-widget elementor-widget-text-editor\" data-id=\"e8e2b63\" data-element_type=\"widget\" data-widget_type=\"text-editor.default\">\n\t\t\t\t<div class=\"elementor-widget-container\">\n\t\t\t\t\t\t\t\t\tService 24\/7  <h6 style=\"margin-top:0;\">  1-877-231-9991<\/h6> Nous joindre <h6 style=\"margin-top:0;\">info@everypoint.ca<\/h6>\t\t\t\t\t\t\t\t<\/div>\n\t\t\t\t<\/div>\n\t\t\t\t<\/div>\n\t\t<div class=\"elementor-element elementor-element-e1d17ee e-flex e-con-boxed e-con e-child\" data-id=\"e1d17ee\" data-element_type=\"container\" data-settings=\"{&quot;background_background&quot;:&quot;classic&quot;}\">\n\t\t\t\t\t<div class=\"e-con-inner\">\n\t\t\t\t<div class=\"elementor-element elementor-element-4043944 elementor-widget elementor-widget-freightexpress_core_section_title\" data-id=\"4043944\" data-element_type=\"widget\" data-widget_type=\"freightexpress_core_section_title.default\">\n\t\t\t\t<div class=\"elementor-widget-container\">\n\t\t\t\t\t<div class=\"qodef-shortcode qodef-m  qodef-section-title qodef-alignment--left  qodef-skin--light\">\n    \t\t<h5 class=\"qodef-m-title\" >\n\t\t\tNos documents de service\t<\/h5>\n\t    <p class=\"qodef-m-description\" style=\"margin-top: 3px;color: #B8CED4\"> T\u00e9l\u00e9chargements essentiels<\/p>\n    <\/div>\n\t\t\t\t<\/div>\n\t\t\t\t<\/div>\n\t\t\t\t<div class=\"elementor-element elementor-element-3261ed1 elementor-widget elementor-widget-freightexpress_core_separator\" data-id=\"3261ed1\" data-element_type=\"widget\" data-widget_type=\"freightexpress_core_separator.default\">\n\t\t\t\t<div class=\"elementor-widget-container\">\n\t\t\t\t\t<div class=\"qodef-shortcode qodef-m  qodef-separator clear  qodef-show--yes qodef-show-1600--yes qodef-show-1512--yes qodef-show-1368--yes qodef-show-1200--yes qodef-show-1024--yes qodef-show-880--yes qodef-show-680--yes\">\n\t<div class=\"qodef-m-line\" style=\"border-color: #D1D1D1;margin-top: 15px;margin-bottom: 15px\"><\/div>\n<\/div>\n\t\t\t\t<\/div>\n\t\t\t\t<\/div>\n\t\t\t\t<div class=\"elementor-element elementor-element-84d3b90 elementor-widget elementor-widget-freightexpress_core_button\" data-id=\"84d3b90\" data-element_type=\"widget\" data-widget_type=\"freightexpress_core_button.default\">\n\t\t\t\t<div class=\"elementor-widget-container\">\n\t\t\t\t\t<a class=\"qodef-shortcode qodef-m  qodef-button qodef-layout--textual qodef-show-button-arrow--yes  qodef-html--link\" href=\"\/documents\/\" target=\"_self\" style=\"--qode-button-color: #FFFFFF;--qode-button-hover-color: #FFFFFF\">\n\t<span class=\"qodef-m-text\" data-title=\"Documents\">Documents<\/span>\n            <span class=\"qodef-btn-arrow\"><svg class=\"qodef-svg--button-arrow-standard\" xmlns=\"http:\/\/www.w3.org\/2000\/svg\" width=\"18.476\" height=\"18.044\" viewBox=\"0 0 18.476 18.044\"><g transform=\"translate(9.007 0.992) rotate(45)\"><path d=\"M0,11.312,11.377,0\" transform=\"translate(0 0.011)\" fill=\"none\" stroke=\"currentColor\" stroke-width=\"2\"\/><path d=\"M8.466,8.661V0H0\" transform=\"translate(2.925 0)\" fill=\"none\" stroke=\"currentColor\" stroke-width=\"2\"\/><\/g><\/svg><\/span>\n    <\/a>\n\t\t\t\t<\/div>\n\t\t\t\t<\/div>\n\t\t\t\t\t<\/div>\n\t\t\t\t<\/div>\n\t\t\t\t<\/div>\n\t\t<div class=\"elementor-element elementor-element-ed7f175 e-con-full e-flex e-con e-child\" data-id=\"ed7f175\" data-element_type=\"container\">\n\t\t<div class=\"elementor-element elementor-element-24e6c52 e-con-full e-flex e-con e-child\" data-id=\"24e6c52\" data-element_type=\"container\">\n\t\t<div class=\"elementor-element elementor-element-35d17d6 e-con-full e-flex e-con e-child\" data-id=\"35d17d6\" data-element_type=\"container\">\n\t\t\t\t<div class=\"elementor-element elementor-element-d02fb1c elementor-widget-tablet__width-initial elementor-widget__width-initial elementor-widget elementor-widget-freightexpress_core_icon_with_text\" data-id=\"d02fb1c\" data-element_type=\"widget\" data-widget_type=\"freightexpress_core_icon_with_text.default\">\n\t\t\t\t<div class=\"elementor-widget-container\">\n\t\t\t\t\t<div class=\"qodef-shortcode qodef-m  qodef-icon-with-text qodef-layout--before-content qodef--svg-icon  \">\n\t<div class=\"qodef-m-icon-wrapper\" >\n\t\t    <span class=\"qodef-icon-holder\">\n\t\t<span class=\"qodef-m-svg\" >\n\t\t\t<svg xmlns=\"http:\/\/www.w3.org\/2000\/svg\" width=\"62.841\" height=\"62.812\"><path fill=\"#f94834\" d=\"M56.253 0H37.181L19.15 26.9V0H.002v18.478l18.4 9.313-18.4 9.313v18.7H19.15V28.163l18.031 27.641h19.072c-.223 0 0-18.7 0-18.7l-36.73-9.312 36.73-9.313Z\"><\/path><\/svg>\t\t<\/span>\n\t<\/span>\n\t<\/div>\n\t<div class=\"qodef-m-content\">\n\t\t\t<h6 class=\"qodef-m-title\" style=\"margin-top: 0px\">\n\t\t\t\t\t<a itemprop=\"url\" href=\"\/fr\/land\/\" target=\"_self\">\n\t\t\t\t\t<span class=\"qodef-m-title-text\">Transports terrestres<\/span>\n\t\t\t\t\t<\/a>\n\t\t\t<\/h6>\n\t\t\t<p class=\"qodef-m-text\" >Qu&#039;il s&#039;agisse d&#039;un chargement partiel, d\u00e9di\u00e9 ou sp\u00e9cialis\u00e9, obtenez des services de fret terrestre fiables et rapides \u00e0 travers l&#039;Am\u00e9rique du Nord.  <\/p>\n\t<\/div>\n<\/div>\n\t\t\t\t<\/div>\n\t\t\t\t<\/div>\n\t\t\t\t<\/div>\n\t\t<div class=\"elementor-element elementor-element-e613995 e-con-full e-flex e-con e-child\" data-id=\"e613995\" data-element_type=\"container\">\n\t\t\t\t<div class=\"elementor-element elementor-element-1a36655 elementor-widget__width-initial elementor-widget elementor-widget-freightexpress_core_button\" data-id=\"1a36655\" data-element_type=\"widget\" data-widget_type=\"freightexpress_core_button.default\">\n\t\t\t\t<div class=\"elementor-widget-container\">\n\t\t\t\t\t<a class=\"qodef-shortcode qodef-m  qodef-button qodef-layout--textual qodef-show-button-arrow--yes  qodef-html--link\" href=\"\/fr\/land\/\" target=\"_self\" >\n\t<span class=\"qodef-m-text\" data-title=\"\"><\/span>\n            <span class=\"qodef-btn-arrow\"><svg class=\"qodef-svg--button-arrow-standard\" xmlns=\"http:\/\/www.w3.org\/2000\/svg\" width=\"18.476\" height=\"18.044\" viewBox=\"0 0 18.476 18.044\"><g transform=\"translate(9.007 0.992) rotate(45)\"><path d=\"M0,11.312,11.377,0\" transform=\"translate(0 0.011)\" fill=\"none\" stroke=\"currentColor\" stroke-width=\"2\"\/><path d=\"M8.466,8.661V0H0\" transform=\"translate(2.925 0)\" fill=\"none\" stroke=\"currentColor\" stroke-width=\"2\"\/><\/g><\/svg><\/span>\n    <\/a>\n\t\t\t\t<\/div>\n\t\t\t\t<\/div>\n\t\t\t\t<\/div>\n\t\t\t\t<\/div>\n\t\t<div class=\"elementor-element elementor-element-51180f8 e-con-full e-flex e-con e-child\" data-id=\"51180f8\" data-element_type=\"container\">\n\t\t<div class=\"elementor-element elementor-element-b1870cb e-con-full e-flex e-con e-child\" data-id=\"b1870cb\" data-element_type=\"container\">\n\t\t\t\t<div class=\"elementor-element elementor-element-4274974 elementor-widget-tablet__width-initial elementor-widget__width-initial elementor-widget elementor-widget-freightexpress_core_icon_with_text\" data-id=\"4274974\" data-element_type=\"widget\" data-widget_type=\"freightexpress_core_icon_with_text.default\">\n\t\t\t\t<div class=\"elementor-widget-container\">\n\t\t\t\t\t<div class=\"qodef-shortcode qodef-m  qodef-icon-with-text qodef-layout--before-content qodef--svg-icon  \">\n\t<div class=\"qodef-m-icon-wrapper\" >\n\t\t    <span class=\"qodef-icon-holder\">\n\t\t<span class=\"qodef-m-svg\" >\n\t\t\t<svg xmlns=\"http:\/\/www.w3.org\/2000\/svg\" width=\"62.841\" height=\"62.812\"><g fill=\"#97262c\"><path d=\"M0 44.185h16.284v16.626L30.92 46.175v-15.77H13.779Z\"><\/path><path d=\"M0 13.779h16.284v16.626L30.92 15.769V-.001H13.779ZM30.921 13.779h16.284v16.626l14.636-14.636V-.001H44.7ZM30.921 44.185h16.284v16.626l14.636-14.636v-15.77H44.7Z\"><\/path><\/g><\/svg>\t\t<\/span>\n\t<\/span>\n\t<\/div>\n\t<div class=\"qodef-m-content\">\n\t\t\t<h6 class=\"qodef-m-title\" style=\"margin-top: 0px\">\n\t\t\t\t\t<a itemprop=\"url\" href=\"\/fr\/air-ocean\/\" target=\"_self\">\n\t\t\t\t\t<span class=\"qodef-m-title-text\">Fret a\u00e9rien et maritime<\/span>\n\t\t\t\t\t<\/a>\n\t\t\t<\/h6>\n\t\t\t<p class=\"qodef-m-text\" >Qu&#039;il s&#039;agisse de fret a\u00e9rien urgent ou d&#039;exp\u00e9ditions maritimes de grand volume, nos services sont con\u00e7us pour garantir que votre fret arrive \u00e0 destination en toute s\u00e9curit\u00e9 et de mani\u00e8re efficace.<\/p>\n\t<\/div>\n<\/div>\n\t\t\t\t<\/div>\n\t\t\t\t<\/div>\n\t\t\t\t<\/div>\n\t\t<div class=\"elementor-element elementor-element-ad0e52b e-con-full e-flex e-con e-child\" data-id=\"ad0e52b\" data-element_type=\"container\">\n\t\t\t\t<div class=\"elementor-element elementor-element-6babf70 elementor-widget__width-initial elementor-widget elementor-widget-freightexpress_core_button\" data-id=\"6babf70\" data-element_type=\"widget\" data-widget_type=\"freightexpress_core_button.default\">\n\t\t\t\t<div class=\"elementor-widget-container\">\n\t\t\t\t\t<a class=\"qodef-shortcode qodef-m  qodef-button qodef-layout--textual qodef-show-button-arrow--yes  qodef-html--link\" href=\"\/fr\/air-ocean\/\" target=\"_self\" >\n\t<span class=\"qodef-m-text\" data-title=\"\"><\/span>\n            <span class=\"qodef-btn-arrow\"><svg class=\"qodef-svg--button-arrow-standard\" xmlns=\"http:\/\/www.w3.org\/2000\/svg\" width=\"18.476\" height=\"18.044\" viewBox=\"0 0 18.476 18.044\"><g transform=\"translate(9.007 0.992) rotate(45)\"><path d=\"M0,11.312,11.377,0\" transform=\"translate(0 0.011)\" fill=\"none\" stroke=\"currentColor\" stroke-width=\"2\"\/><path d=\"M8.466,8.661V0H0\" transform=\"translate(2.925 0)\" fill=\"none\" stroke=\"currentColor\" stroke-width=\"2\"\/><\/g><\/svg><\/span>\n    <\/a>\n\t\t\t\t<\/div>\n\t\t\t\t<\/div>\n\t\t\t\t<\/div>\n\t\t\t\t<\/div>\n\t\t<div class=\"elementor-element elementor-element-c5aea9f e-con-full e-flex e-con e-child\" data-id=\"c5aea9f\" data-element_type=\"container\">\n\t\t<div class=\"elementor-element elementor-element-af8d04a e-con-full e-flex e-con e-child\" data-id=\"af8d04a\" data-element_type=\"container\">\n\t\t\t\t<div class=\"elementor-element elementor-element-8dce87c elementor-widget-tablet__width-initial elementor-widget__width-initial elementor-widget elementor-widget-freightexpress_core_icon_with_text\" data-id=\"8dce87c\" data-element_type=\"widget\" data-widget_type=\"freightexpress_core_icon_with_text.default\">\n\t\t\t\t<div class=\"elementor-widget-container\">\n\t\t\t\t\t<div class=\"qodef-shortcode qodef-m  qodef-icon-with-text qodef-layout--before-content qodef--svg-icon  \">\n\t<div class=\"qodef-m-icon-wrapper\" >\n\t\t    <span class=\"qodef-icon-holder\">\n\t\t<span class=\"qodef-m-svg\" >\n\t\t\t<svg xmlns=\"http:\/\/www.w3.org\/2000\/svg\" width=\"66.501\" height=\"66.29\"><g fill=\"#f94834\"><path d=\"m42.188.001 6.506 17.875-8.938 3.253-6.505-17.875zM33.25 3.253l-6.506 17.875-8.937-3.253L24.313 0zM33.25 63.037l6.506-17.875 8.937 3.253-6.506 17.875zM24.313 66.29l-6.506-17.875 8.938-3.253 6.505 17.875zM48.515 17.959l17.986 6.193-3.097 8.993-17.985-6.193zM21.083 26.952 3.097 33.145.001 24.152l17.986-6.193zM45.418 39.338l17.986-6.193 3.096 8.993-17.986 6.193zM17.986 48.332 0 42.139l3.097-8.993 17.985 6.193z\"><\/path><\/g><\/svg>\t\t<\/span>\n\t<\/span>\n\t<\/div>\n\t<div class=\"qodef-m-content\">\n\t\t\t<h6 class=\"qodef-m-title\" style=\"margin-top: 0px\">\n\t\t\t\t\t<a itemprop=\"url\" href=\"http:\/\/fr\/land#warehousing\" target=\"_self\">\n\t\t\t\t\t<span class=\"qodef-m-title-text\">Entreposage et distribution<\/span>\n\t\t\t\t\t<\/a>\n\t\t\t<\/h6>\n\t\t\t<p class=\"qodef-m-text\" >Des solutions compl\u00e8tes de stockage et de cha\u00eene d&#039;approvisionnement pour que vos produits soient transport\u00e9s efficacement du stockage \u00e0 leur destination finale.<\/p>\n\t<\/div>\n<\/div>\n\t\t\t\t<\/div>\n\t\t\t\t<\/div>\n\t\t\t\t<\/div>\n\t\t<div class=\"elementor-element elementor-element-c131a9c e-con-full e-flex e-con e-child\" data-id=\"c131a9c\" data-element_type=\"container\">\n\t\t\t\t<div class=\"elementor-element elementor-element-2bd408c elementor-widget__width-initial elementor-widget elementor-widget-freightexpress_core_button\" data-id=\"2bd408c\" data-element_type=\"widget\" data-widget_type=\"freightexpress_core_button.default\">\n\t\t\t\t<div class=\"elementor-widget-container\">\n\t\t\t\t\t<a class=\"qodef-shortcode qodef-m  qodef-button qodef-layout--textual qodef-show-button-arrow--yes  qodef-html--link\" href=\"http:\/\/fr\/land#warehousing\" target=\"_self\" >\n\t<span class=\"qodef-m-text\" data-title=\"\"><\/span>\n            <span class=\"qodef-btn-arrow\"><svg class=\"qodef-svg--button-arrow-standard\" xmlns=\"http:\/\/www.w3.org\/2000\/svg\" width=\"18.476\" height=\"18.044\" viewBox=\"0 0 18.476 18.044\"><g transform=\"translate(9.007 0.992) rotate(45)\"><path d=\"M0,11.312,11.377,0\" transform=\"translate(0 0.011)\" fill=\"none\" stroke=\"currentColor\" stroke-width=\"2\"\/><path d=\"M8.466,8.661V0H0\" transform=\"translate(2.925 0)\" fill=\"none\" stroke=\"currentColor\" stroke-width=\"2\"\/><\/g><\/svg><\/span>\n    <\/a>\n\t\t\t\t<\/div>\n\t\t\t\t<\/div>\n\t\t\t\t<\/div>\n\t\t\t\t<\/div>\n\t\t<div class=\"elementor-element elementor-element-d8cfa85 e-con-full e-flex e-con e-child\" data-id=\"d8cfa85\" data-element_type=\"container\">\n\t\t<div class=\"elementor-element elementor-element-6280b4c e-con-full e-flex e-con e-child\" data-id=\"6280b4c\" data-element_type=\"container\">\n\t\t\t\t<div class=\"elementor-element elementor-element-560779d elementor-widget-tablet__width-initial elementor-widget__width-initial elementor-widget elementor-widget-freightexpress_core_icon_with_text\" data-id=\"560779d\" data-element_type=\"widget\" data-widget_type=\"freightexpress_core_icon_with_text.default\">\n\t\t\t\t<div class=\"elementor-widget-container\">\n\t\t\t\t\t<div class=\"qodef-shortcode qodef-m  qodef-icon-with-text qodef-layout--before-content qodef--svg-icon  \">\n\t<div class=\"qodef-m-icon-wrapper\" >\n\t\t    <span class=\"qodef-icon-holder\">\n\t\t<span class=\"qodef-m-svg\" >\n\t\t\t<svg xmlns=\"http:\/\/www.w3.org\/2000\/svg\" width=\"60.855\" height=\"66\"><g fill=\"#f94834\"><path d=\"M40.891 10.464H19.963V0h20.928z\"><\/path><path d=\"M51.981 28.133 40.889 10.386l8.874-5.546 11.091 17.747zM0 22.588 11.092 4.841l8.873 5.546L8.873 28.134z\"><\/path><path d=\"M60.855 33.678 49.763 51.425l-8.873-5.546 11.092-17.747zM8.874 28.133 19.966 45.88l-8.874 5.546L.001 33.679zM40.891 56.758H19.963V46.294h20.928z\"><\/path><\/g><\/svg>\t\t<\/span>\n\t<\/span>\n\t<\/div>\n\t<div class=\"qodef-m-content\">\n\t\t\t<h6 class=\"qodef-m-title\" style=\"margin-top: 0px\">\n\t\t\t\t\t<a itemprop=\"url\" href=\"\/e-sol\/\" target=\"_self\">\n\t\t\t\t\t<span class=\"qodef-m-title-text\">Gestion du fret en ligne E-Sol<\/span>\n\t\t\t\t\t<\/a>\n\t\t\t<\/h6>\n\t\t\t<p class=\"qodef-m-text\" >Le syst\u00e8me de gestion de fret EveryPoint, bas\u00e9 sur le web, vous donne un contr\u00f4le complet sur toutes vos exp\u00e9ditions.  <\/p>\n\t<\/div>\n<\/div>\n\t\t\t\t<\/div>\n\t\t\t\t<\/div>\n\t\t\t\t<\/div>\n\t\t<div class=\"elementor-element elementor-element-2964fc3 e-con-full e-flex e-con e-child\" data-id=\"2964fc3\" data-element_type=\"container\">\n\t\t\t\t<div class=\"elementor-element elementor-element-08cd20e elementor-widget__width-initial elementor-widget elementor-widget-freightexpress_core_button\" data-id=\"08cd20e\" data-element_type=\"widget\" data-widget_type=\"freightexpress_core_button.default\">\n\t\t\t\t<div class=\"elementor-widget-container\">\n\t\t\t\t\t<a class=\"qodef-shortcode qodef-m  qodef-button qodef-layout--textual qodef-show-button-arrow--yes  qodef-html--link\" href=\"\/e-sol\" target=\"_self\" >\n\t<span class=\"qodef-m-text\" data-title=\"\"><\/span>\n            <span class=\"qodef-btn-arrow\"><svg class=\"qodef-svg--button-arrow-standard\" xmlns=\"http:\/\/www.w3.org\/2000\/svg\" width=\"18.476\" height=\"18.044\" viewBox=\"0 0 18.476 18.044\"><g transform=\"translate(9.007 0.992) rotate(45)\"><path d=\"M0,11.312,11.377,0\" transform=\"translate(0 0.011)\" fill=\"none\" stroke=\"currentColor\" stroke-width=\"2\"\/><path d=\"M8.466,8.661V0H0\" transform=\"translate(2.925 0)\" fill=\"none\" stroke=\"currentColor\" stroke-width=\"2\"\/><\/g><\/svg><\/span>\n    <\/a>\n\t\t\t\t<\/div>\n\t\t\t\t<\/div>\n\t\t\t\t<\/div>\n\t\t\t\t<\/div>\n\t\t\t\t<div class=\"elementor-element elementor-element-0f7e7e3 elementor-widget__width-initial elementor-widget elementor-widget-freightexpress_core_button\" data-id=\"0f7e7e3\" data-element_type=\"widget\" data-widget_type=\"freightexpress_core_button.default\">\n\t\t\t\t<div class=\"elementor-widget-container\">\n\t\t\t\t\t<a class=\"qodef-shortcode qodef-m  qodef-button qodef-layout--outlined qodef-show-button-arrow--yes  qodef-html--link\" href=\"\/contact-us\" target=\"_self\" >\n\t<span class=\"qodef-m-text\" data-title=\"Exp\u00e9diez avec nous\">Exp\u00e9diez avec nous<\/span>\n            <span class=\"qodef-btn-arrow\"><svg class=\"qodef-svg--button-arrow-standard\" xmlns=\"http:\/\/www.w3.org\/2000\/svg\" width=\"18.476\" height=\"18.044\" viewBox=\"0 0 18.476 18.044\"><g transform=\"translate(9.007 0.992) rotate(45)\"><path d=\"M0,11.312,11.377,0\" transform=\"translate(0 0.011)\" fill=\"none\" stroke=\"currentColor\" stroke-width=\"2\"\/><path d=\"M8.466,8.661V0H0\" transform=\"translate(2.925 0)\" fill=\"none\" stroke=\"currentColor\" stroke-width=\"2\"\/><\/g><\/svg><\/span>\n    <\/a>\n\t\t\t\t<\/div>\n\t\t\t\t<\/div>\n\t\t\t\t<\/div>\n\t\t\t\t<\/div>\n\t\t\t\t<\/div>\n\t\t","protected":false},"excerpt":{"rendered":"<p>Solutions logistiques personnalis\u00e9es pour le fret EveryPoint offre des services de transport et de logistique sur mesure pour r\u00e9pondre \u00e0 vos besoins. Qu&#039;il s&#039;agisse d&#039;exp\u00e9ditions uniques ou de cha\u00eenes d&#039;approvisionnement complexes, nous assurons une livraison s\u00fbre, rapide et rentable. Pour toute question suppl\u00e9mentaire, contactez-nous d\u00e8s aujourd&rsquo;hui. Service 24\/7 1-877-231-9991 Nous joindre info@everypoint.ca Nos documents de [&hellip;]<\/p>\n","protected":false},"author":2,"featured_media":0,"parent":0,"menu_order":0,"comment_status":"closed","ping_status":"closed","template":"page-full-width.php","meta":{"footnotes":""},"class_list":["post-7632","page","type-page","status-publish","hentry"],"_links":{"self":[{"href":"https:\/\/everypoint.ca\/fr\/wp-json\/wp\/v2\/pages\/7632","targetHints":{"allow":["GET"]}}],"collection":[{"href":"https:\/\/everypoint.ca\/fr\/wp-json\/wp\/v2\/pages"}],"about":[{"href":"https:\/\/everypoint.ca\/fr\/wp-json\/wp\/v2\/types\/page"}],"author":[{"embeddable":true,"href":"https:\/\/everypoint.ca\/fr\/wp-json\/wp\/v2\/users\/2"}],"replies":[{"embeddable":true,"href":"https:\/\/everypoint.ca\/fr\/wp-json\/wp\/v2\/comments?post=7632"}],"version-history":[{"count":10,"href":"https:\/\/everypoint.ca\/fr\/wp-json\/wp\/v2\/pages\/7632\/revisions"}],"predecessor-version":[{"id":7999,"href":"https:\/\/everypoint.ca\/fr\/wp-json\/wp\/v2\/pages\/7632\/revisions\/7999"}],"wp:attachment":[{"href":"https:\/\/everypoint.ca\/fr\/wp-json\/wp\/v2\/media?parent=7632"}],"curies":[{"name":"wp","href":"https:\/\/api.w.org\/{rel}","templated":true}]}}