{"id":7698,"date":"2024-09-04T09:52:47","date_gmt":"2024-09-04T13:52:47","guid":{"rendered":"https:\/\/everypoint.ca\/wordpress\/nos-conditions-dexpedition\/"},"modified":"2024-09-19T10:45:38","modified_gmt":"2024-09-19T14:45:38","slug":"conditions","status":"publish","type":"page","link":"https:\/\/everypoint.ca\/fr\/conditions\/","title":{"rendered":"Nos conditions d&rsquo;exp\u00e9dition"},"content":{"rendered":"\t\t<div data-elementor-type=\"wp-page\" data-elementor-id=\"7698\" class=\"elementor elementor-7698 elementor-7073\">\n\t\t\t\t<div class=\"elementor-element elementor-element-103f2b8 qodef-elementor-content-grid e-flex e-con-boxed e-con e-parent\" data-id=\"103f2b8\" data-element_type=\"container\">\n\t\t\t\t\t<div class=\"e-con-inner\">\n\t\t\t\t<div class=\"elementor-element elementor-element-b3d4ef7 elementor-widget elementor-widget-text-editor\" data-id=\"b3d4ef7\" data-element_type=\"widget\" data-widget_type=\"text-editor.default\">\n\t\t\t\t<div class=\"elementor-widget-container\">\n\t\t\t\t\t\t\t\t\t<div class=\"maincontent\"><p>Tous les frais de transport seront factur\u00e9s en dollars am\u00e9ricains ou canadiens \u00e0 la demande du client, d\u00e9termin\u00e9 lors de la cr\u00e9ation du compte.<\/p><p>Toute marchandise est assur\u00e9e \u00e0 deux dollars la livre ($2.00\/livre), sauf si la valeur est clairement indiqu\u00e9e sur le connaissement avant le ramassage.<\/p><p>Solutions logistiques EveryPoint Inc. est assur\u00e9 pour un maximum de $500,000.00 CAD; toute marchandise avec une valeur sup\u00e9rieure doit \u00eatre assur\u00e9 par le client ou son agent. Toute r\u00e9clamation de perte re\u00e7ue par Solutions logistiques EveryPoint Inc. sup\u00e9rieure a ce montant sera refus\u00e9e sur pr\u00e9sentation. <\/p><p>Tous les tarifs sont sujets \u00e0 une reclassification par le transporteur en fonction de la marchandise et de la valeur commerciale.<\/p><p>Tous les tarifs incluent le temps d&rsquo;attente pour le chargement ou le d\u00e9chargement de la cargaison de 2 heures pour le camion plein, 15 minutes pour le camion partial ; le service avec hayon \u00e9l\u00e9vateur ou le hayon \u00e9lectrique n&rsquo;est pas inclus sauf si le client le demande lors de la confirmation et ce service entra\u00eenera des frais suppl\u00e9mentaires.<\/p><p>Les tarifs sont bas\u00e9s sur les tarifs actuels en vigueur du transporteur et sont sujets au changement sans pr\u00e9avis.<\/p><p>Les tarifs sont assujettis \u00e0 la disponibilit\u00e9 de l&rsquo;\u00e9quipement et de l&rsquo;espace au moment de la r\u00e9servation ou le d\u00e9placement.<\/p><p>Les taux standard ne s&rsquo;appliquent pas aux marchandises dangereuses, aux marchandises sur dimensionnelles, aux biens p\u00e9rissables ou aux objets de valeurs \u00e9lev\u00e9s, sauf avec l&rsquo;indication au contraire.<\/p><p>Le service de ramassages ou livraisons \u00e0 domicile ne sont pas inclus, sauf avec l&rsquo;indication au contraire, et ces services entra\u00eeneront des frais suppl\u00e9mentaires.<\/p><p>Les tarifs excluent les droits, les taxes et le d\u00e9douanement.<\/p><p>Les tarifs sont bas\u00e9s sur les informations fournies et sous r\u00e9serve de la confirmation au moment de la r\u00e9servation ou du d\u00e9placement.<\/p><p>Solutions logistiques EveryPoint Inc. ne sera pas responsable pour les frais encourus pour les rendez-vous manqu\u00e9s, sauf si le client pr\u00e9cise la ou les raisons telles que le rendez-vous de la grue, les installateurs sur place, etc. au moment de la confirmation du voyage avec Solutions logistiques EveryPoint Inc.<\/p><p>Les tarifs n&rsquo;incluent pas les frais de stockage et les frais d&rsquo;entreposage.<\/p><p>Les tarifs excluent le temps d&rsquo;attente lors du ramassage ou de la livraison.<\/p><p>Les tarifs peuvent \u00eatre affect\u00e9s par les fluctuations de suppl\u00e9ment du carburant.<\/p><p>La confirmation d&rsquo;un envoi avec Solutions logistiques EveryPoint Inc. constituera l&rsquo;acceptation de ces conditions.<\/p><\/div>\t\t\t\t\t\t\t\t<\/div>\n\t\t\t\t<\/div>\n\t\t\t\t\t<\/div>\n\t\t\t\t<\/div>\n\t\t\t\t<\/div>\n\t\t","protected":false},"excerpt":{"rendered":"<p>Tous les frais de transport seront factur\u00e9s en dollars am\u00e9ricains ou canadiens \u00e0 la demande du client, d\u00e9termin\u00e9 lors de la cr\u00e9ation du compte. Toute marchandise est assur\u00e9e \u00e0 deux dollars la livre ($2.00\/livre), sauf si la valeur est clairement indiqu\u00e9e sur le connaissement avant le ramassage. Solutions logistiques EveryPoint Inc. est assur\u00e9 pour un [&hellip;]<\/p>\n","protected":false},"author":2,"featured_media":0,"parent":0,"menu_order":0,"comment_status":"closed","ping_status":"closed","template":"page-full-width.php","meta":{"footnotes":""},"class_list":["post-7698","page","type-page","status-publish","hentry"],"_links":{"self":[{"href":"https:\/\/everypoint.ca\/fr\/wp-json\/wp\/v2\/pages\/7698","targetHints":{"allow":["GET"]}}],"collection":[{"href":"https:\/\/everypoint.ca\/fr\/wp-json\/wp\/v2\/pages"}],"about":[{"href":"https:\/\/everypoint.ca\/fr\/wp-json\/wp\/v2\/types\/page"}],"author":[{"embeddable":true,"href":"https:\/\/everypoint.ca\/fr\/wp-json\/wp\/v2\/users\/2"}],"replies":[{"embeddable":true,"href":"https:\/\/everypoint.ca\/fr\/wp-json\/wp\/v2\/comments?post=7698"}],"version-history":[{"count":5,"href":"https:\/\/everypoint.ca\/fr\/wp-json\/wp\/v2\/pages\/7698\/revisions"}],"predecessor-version":[{"id":8105,"href":"https:\/\/everypoint.ca\/fr\/wp-json\/wp\/v2\/pages\/7698\/revisions\/8105"}],"wp:attachment":[{"href":"https:\/\/everypoint.ca\/fr\/wp-json\/wp\/v2\/media?parent=7698"}],"curies":[{"name":"wp","href":"https:\/\/api.w.org\/{rel}","templated":true}]}}